{"id":106637,"date":"2023-03-06T16:33:18","date_gmt":"2023-03-06T16:33:18","guid":{"rendered":"https:\/\/ifoffice.pt\/?post_type=product&#038;p=106637"},"modified":"2026-02-23T12:54:01","modified_gmt":"2026-02-23T12:54:01","slug":"166488","status":"publish","type":"product","link":"https:\/\/ifoffice.pt\/?product=166488","title":{"rendered":"Agrafador rapid e15 metalico braco largo capacidade 20 folhas usa agrafes 24\/6 e 26\/26 cor preto"},"content":{"rendered":"<p>Agrafa at\u00e9 20 folhas de papel (80 g\/m\u00b2). Profundidade de inser\u00e7\u00e3o de 300 mm. A bigorna flex\u00edvel. Mecanismo de carregamento superior pr\u00e1tico. Para agrafes Rapid standard 24\/6 e 26\/6. Cor preta.<\/p>\n","protected":false},"excerpt":{"rendered":"<p>Agrafador rapid e15 metalico braco largo capacidade 20 folhas usa agrafes 24\/6 e 26\/26 cor preto<\/p>\n","protected":false},"featured_media":112736,"comment_status":"open","ping_status":"closed","template":"","meta":{"neve_meta_sidebar":"","neve_meta_container":"","neve_meta_enable_content_width":"","neve_meta_content_width":0,"neve_meta_title_alignment":"","neve_meta_author_avatar":"","neve_post_elements_order":"","neve_meta_disable_header":"","neve_meta_disable_footer":"","neve_meta_disable_title":""},"product_brand":[],"product_cat":[1811],"product_tag":[2846],"class_list":{"0":"post-106637","1":"product","2":"type-product","3":"status-publish","4":"has-post-thumbnail","6":"product_cat-agrafadores-de-secretaria","7":"product_tag-agrafadores-de-secretaria-2","9":"first","10":"instock","11":"taxable","12":"shipping-taxable","13":"purchasable","14":"product-type-simple"},"_links":{"self":[{"href":"https:\/\/ifoffice.pt\/index.php?rest_route=\/wp\/v2\/product\/106637","targetHints":{"allow":["GET"]}}],"collection":[{"href":"https:\/\/ifoffice.pt\/index.php?rest_route=\/wp\/v2\/product"}],"about":[{"href":"https:\/\/ifoffice.pt\/index.php?rest_route=\/wp\/v2\/types\/product"}],"replies":[{"embeddable":true,"href":"https:\/\/ifoffice.pt\/index.php?rest_route=%2Fwp%2Fv2%2Fcomments&post=106637"}],"wp:featuredmedia":[{"embeddable":true,"href":"https:\/\/ifoffice.pt\/index.php?rest_route=\/wp\/v2\/media\/112736"}],"wp:attachment":[{"href":"https:\/\/ifoffice.pt\/index.php?rest_route=%2Fwp%2Fv2%2Fmedia&parent=106637"}],"wp:term":[{"taxonomy":"product_brand","embeddable":true,"href":"https:\/\/ifoffice.pt\/index.php?rest_route=%2Fwp%2Fv2%2Fproduct_brand&post=106637"},{"taxonomy":"product_cat","embeddable":true,"href":"https:\/\/ifoffice.pt\/index.php?rest_route=%2Fwp%2Fv2%2Fproduct_cat&post=106637"},{"taxonomy":"product_tag","embeddable":true,"href":"https:\/\/ifoffice.pt\/index.php?rest_route=%2Fwp%2Fv2%2Fproduct_tag&post=106637"}],"curies":[{"name":"wp","href":"https:\/\/api.w.org\/{rel}","templated":true}]}}