{"id":106634,"date":"2023-03-06T16:33:16","date_gmt":"2023-03-06T16:33:16","guid":{"rendered":"https:\/\/ifoffice.pt\/?post_type=product&#038;p=106634"},"modified":"2026-02-23T12:54:00","modified_gmt":"2026-02-23T12:54:00","slug":"166491","status":"publish","type":"product","link":"https:\/\/ifoffice.pt\/?product=166491","title":{"rendered":"Agrafador rapid contactless 10bx plastico capacidade 10 folhas usa agrafes 24\/6 e 26\/6 cor azul"},"content":{"rendered":"<p>Agrafa at\u00e9 10 folhas de papel (80 g\/m\u00b2). Trabalhe comodamente com uma s\u00f3 m\u00e3o. Funciona com 4 pilhas AA (n\u00e3o inclu\u00eddas). Para agrafes Strong Rapid 24\/6 e 26\/06. Profundidade de inser\u00e7\u00e3o de 10 mm. Agrafe sem contacto. Cor azul.<\/p>\n","protected":false},"excerpt":{"rendered":"<p>Agrafador rapid contactless 10bx plastico capacidade 10 folhas usa agrafes 24\/6 e 26\/6 cor azul<\/p>\n","protected":false},"featured_media":131358,"comment_status":"open","ping_status":"closed","template":"","meta":{"neve_meta_sidebar":"","neve_meta_container":"","neve_meta_enable_content_width":"","neve_meta_content_width":0,"neve_meta_title_alignment":"","neve_meta_author_avatar":"","neve_post_elements_order":"","neve_meta_disable_header":"","neve_meta_disable_footer":"","neve_meta_disable_title":""},"product_brand":[],"product_cat":[1811],"product_tag":[2846],"class_list":{"0":"post-106634","1":"product","2":"type-product","3":"status-publish","4":"has-post-thumbnail","6":"product_cat-agrafadores-de-secretaria","7":"product_tag-agrafadores-de-secretaria-2","9":"first","10":"instock","11":"taxable","12":"shipping-taxable","13":"purchasable","14":"product-type-simple"},"_links":{"self":[{"href":"https:\/\/ifoffice.pt\/index.php?rest_route=\/wp\/v2\/product\/106634","targetHints":{"allow":["GET"]}}],"collection":[{"href":"https:\/\/ifoffice.pt\/index.php?rest_route=\/wp\/v2\/product"}],"about":[{"href":"https:\/\/ifoffice.pt\/index.php?rest_route=\/wp\/v2\/types\/product"}],"replies":[{"embeddable":true,"href":"https:\/\/ifoffice.pt\/index.php?rest_route=%2Fwp%2Fv2%2Fcomments&post=106634"}],"wp:featuredmedia":[{"embeddable":true,"href":"https:\/\/ifoffice.pt\/index.php?rest_route=\/wp\/v2\/media\/131358"}],"wp:attachment":[{"href":"https:\/\/ifoffice.pt\/index.php?rest_route=%2Fwp%2Fv2%2Fmedia&parent=106634"}],"wp:term":[{"taxonomy":"product_brand","embeddable":true,"href":"https:\/\/ifoffice.pt\/index.php?rest_route=%2Fwp%2Fv2%2Fproduct_brand&post=106634"},{"taxonomy":"product_cat","embeddable":true,"href":"https:\/\/ifoffice.pt\/index.php?rest_route=%2Fwp%2Fv2%2Fproduct_cat&post=106634"},{"taxonomy":"product_tag","embeddable":true,"href":"https:\/\/ifoffice.pt\/index.php?rest_route=%2Fwp%2Fv2%2Fproduct_tag&post=106634"}],"curies":[{"name":"wp","href":"https:\/\/api.w.org\/{rel}","templated":true}]}}