{"id":106619,"date":"2023-03-06T16:33:09","date_gmt":"2023-03-06T16:33:09","guid":{"rendered":"https:\/\/ifoffice.pt\/?post_type=product&#038;p=106619"},"modified":"2026-02-23T12:53:56","modified_gmt":"2026-02-23T12:53:56","slug":"166506","status":"publish","type":"product","link":"https:\/\/ifoffice.pt\/?product=166506","title":{"rendered":"Agrafador rexel optima 40 compact metalico capacidade 40 folhas usa agrafes optima 26\/6 cor cinza\/laranja"},"content":{"rendered":"<p>Agrafador plano de alto desempenho para agrafar at\u00e9 40 folhas (80 g\/m\u00b2). A tecnologia de baixa for\u00e7a oferece mais pot\u00eancia, at\u00e9 50% menos de esfor\u00e7o. Agrafamento plano para reduzir o tamanho das pilhas de papel e economizar espa\u00e7o nos arquivos e pastas. Compat\u00edvel com agrafes Optima 26\/6 e fornecido com 1000 agrafes. Carregamento frontal r\u00e1pido e f\u00e1cil. Cor prata.<\/p>\n","protected":false},"excerpt":{"rendered":"<p>Agrafador rexel optima 40 compact metalico capacidade 40 folhas usa agrafes optima 26\/6 cor cinza\/laranja<\/p>\n","protected":false},"featured_media":112718,"comment_status":"open","ping_status":"closed","template":"","meta":{"neve_meta_sidebar":"","neve_meta_container":"","neve_meta_enable_content_width":"","neve_meta_content_width":0,"neve_meta_title_alignment":"","neve_meta_author_avatar":"","neve_post_elements_order":"","neve_meta_disable_header":"","neve_meta_disable_footer":"","neve_meta_disable_title":""},"product_brand":[],"product_cat":[1811],"product_tag":[2846],"class_list":{"0":"post-106619","1":"product","2":"type-product","3":"status-publish","4":"has-post-thumbnail","6":"product_cat-agrafadores-de-secretaria","7":"product_tag-agrafadores-de-secretaria-2","9":"first","10":"instock","11":"taxable","12":"shipping-taxable","13":"purchasable","14":"product-type-simple"},"_links":{"self":[{"href":"https:\/\/ifoffice.pt\/index.php?rest_route=\/wp\/v2\/product\/106619","targetHints":{"allow":["GET"]}}],"collection":[{"href":"https:\/\/ifoffice.pt\/index.php?rest_route=\/wp\/v2\/product"}],"about":[{"href":"https:\/\/ifoffice.pt\/index.php?rest_route=\/wp\/v2\/types\/product"}],"replies":[{"embeddable":true,"href":"https:\/\/ifoffice.pt\/index.php?rest_route=%2Fwp%2Fv2%2Fcomments&post=106619"}],"wp:featuredmedia":[{"embeddable":true,"href":"https:\/\/ifoffice.pt\/index.php?rest_route=\/wp\/v2\/media\/112718"}],"wp:attachment":[{"href":"https:\/\/ifoffice.pt\/index.php?rest_route=%2Fwp%2Fv2%2Fmedia&parent=106619"}],"wp:term":[{"taxonomy":"product_brand","embeddable":true,"href":"https:\/\/ifoffice.pt\/index.php?rest_route=%2Fwp%2Fv2%2Fproduct_brand&post=106619"},{"taxonomy":"product_cat","embeddable":true,"href":"https:\/\/ifoffice.pt\/index.php?rest_route=%2Fwp%2Fv2%2Fproduct_cat&post=106619"},{"taxonomy":"product_tag","embeddable":true,"href":"https:\/\/ifoffice.pt\/index.php?rest_route=%2Fwp%2Fv2%2Fproduct_tag&post=106619"}],"curies":[{"name":"wp","href":"https:\/\/api.w.org\/{rel}","templated":true}]}}