{"id":106555,"date":"2023-03-06T16:32:33","date_gmt":"2023-03-06T16:32:33","guid":{"rendered":"https:\/\/ifoffice.pt\/?post_type=product&#038;p=106555"},"modified":"2025-03-12T12:12:46","modified_gmt":"2025-03-12T12:12:46","slug":"166597","status":"publish","type":"product","link":"https:\/\/ifoffice.pt\/?product=166597","title":{"rendered":"Auricular ngs artica chill teal bluetooth 5.0 funcao maos livres e entrada de audio auxiliar jack 3,5 mm"},"content":{"rendered":"<p>Auriculares compat\u00edveis com tecnologia Bluetooth 5.0, design minimalista e ergon\u00f3mico. Bateria de l\u00edtio de 300mAh\/3,7V que oferece uma autonomia de mais de 25 horas ininterruptas. Inclui fun\u00e7\u00e3o m\u00e3os livres para poder responder \u00e0s chamadas telef\u00f3nicas sem necessidade de tirar o terminal do bolso. Gra\u00e7as \u00e0 sua entrada de \u00e1udio auxiliar (Jack 3,5 mm) poder\u00e1 utiliz\u00e1-los mesmo quando est\u00e3o sem bateria. Os bot\u00f5es de controlo no pr\u00f3prio auricular facilitam a utiliza\u00e7\u00e3o do modo de reprodu\u00e7\u00e3o (Play\/Pause, Vol+\/-, >>\/<<). Disp\u00f5e de um conector de carregamento micro USB, cabo de carregamento USB e cabo de \u00e1udio Jack 3,5 mm. Design dobr\u00e1vel.  Os auriculares.\n<\/p>\n","protected":false},"excerpt":{"rendered":"<p>Auriculares compat\u00edveis com tecnologia Bluetooth 5.0, design minimalista e ergon\u00f3mico. Bateria de l\u00edtio de 300mAh\/3,7V que oferece uma autonomia de mais de 25 horas ininterruptas. Inclui fun\u00e7\u00e3o m\u00e3os livres para poder responder \u00e0s chamadas telef\u00f3nicas sem necessidade de tirar o terminal do bolso. Gra\u00e7as \u00e0 sua entrada de \u00e1udio auxiliar (Jack 3,5 mm) poder\u00e1 utiliz\u00e1-los mesmo quando est\u00e3o sem bateria. Os bot\u00f5es de controlo no pr\u00f3prio auricular facilitam a utiliza\u00e7\u00e3o do modo de reprodu\u00e7\u00e3o (Play\/Pause, Vol+\/-, >>\/<\/p>\n","protected":false},"featured_media":112654,"comment_status":"open","ping_status":"closed","template":"","meta":{"neve_meta_sidebar":"","neve_meta_container":"","neve_meta_enable_content_width":"","neve_meta_content_width":0,"neve_meta_title_alignment":"","neve_meta_author_avatar":"","neve_post_elements_order":"","neve_meta_disable_header":"","neve_meta_disable_footer":"","neve_meta_disable_title":""},"product_brand":[],"product_cat":[1805],"product_tag":[2746],"class_list":{"0":"post-106555","1":"product","2":"type-product","3":"status-publish","4":"has-post-thumbnail","6":"product_cat-colunas-microfones-webcam","7":"product_tag-colunasmicroswebcam","9":"first","10":"outofstock","11":"taxable","12":"shipping-taxable","13":"purchasable","14":"product-type-simple"},"_links":{"self":[{"href":"https:\/\/ifoffice.pt\/index.php?rest_route=\/wp\/v2\/product\/106555","targetHints":{"allow":["GET"]}}],"collection":[{"href":"https:\/\/ifoffice.pt\/index.php?rest_route=\/wp\/v2\/product"}],"about":[{"href":"https:\/\/ifoffice.pt\/index.php?rest_route=\/wp\/v2\/types\/product"}],"replies":[{"embeddable":true,"href":"https:\/\/ifoffice.pt\/index.php?rest_route=%2Fwp%2Fv2%2Fcomments&post=106555"}],"wp:featuredmedia":[{"embeddable":true,"href":"https:\/\/ifoffice.pt\/index.php?rest_route=\/wp\/v2\/media\/112654"}],"wp:attachment":[{"href":"https:\/\/ifoffice.pt\/index.php?rest_route=%2Fwp%2Fv2%2Fmedia&parent=106555"}],"wp:term":[{"taxonomy":"product_brand","embeddable":true,"href":"https:\/\/ifoffice.pt\/index.php?rest_route=%2Fwp%2Fv2%2Fproduct_brand&post=106555"},{"taxonomy":"product_cat","embeddable":true,"href":"https:\/\/ifoffice.pt\/index.php?rest_route=%2Fwp%2Fv2%2Fproduct_cat&post=106555"},{"taxonomy":"product_tag","embeddable":true,"href":"https:\/\/ifoffice.pt\/index.php?rest_route=%2Fwp%2Fv2%2Fproduct_tag&post=106555"}],"curies":[{"name":"wp","href":"https:\/\/api.w.org\/{rel}","templated":true}]}}