{"id":106553,"date":"2023-03-06T16:32:30","date_gmt":"2023-03-06T16:32:30","guid":{"rendered":"https:\/\/ifoffice.pt\/?post_type=product&#038;p=106553"},"modified":"2025-03-12T12:12:46","modified_gmt":"2025-03-12T12:12:46","slug":"166599","status":"publish","type":"product","link":"https:\/\/ifoffice.pt\/?product=166599","title":{"rendered":"Auricular ngs ms 103 pro microfone e controlo de volume diadema ajustavel jack 3,5 mm comprimento do cabo"},"content":{"rendered":"<p>Auriculares leves para port\u00e1til. Microfone ajust\u00e1vel e sens\u00edvel que garante a nitidez da voz. Diadema ajust\u00e1vel. Controlo de volume. Apto para aplica\u00e7\u00f5es de v\u00eddeo e de chat. Conex\u00e3o de \u00e1udio de 3,5 mm. 1,5 metros de cabo. Cor preta. Os auriculares.<\/p>\n","protected":false},"excerpt":{"rendered":"<p>Auriculares leves para port\u00e1til. Microfone ajust\u00e1vel e sens\u00edvel que garante a nitidez da voz. Diadema ajust\u00e1vel. Controlo de volume. Apto para aplica\u00e7\u00f5es de v\u00eddeo e de chat. Conex\u00e3o de \u00e1udio de 3,5 mm. 1,5 metros de cabo. Cor preta. Os auriculares.<\/p>\n","protected":false},"featured_media":112652,"comment_status":"open","ping_status":"closed","template":"","meta":{"neve_meta_sidebar":"","neve_meta_container":"","neve_meta_enable_content_width":"","neve_meta_content_width":0,"neve_meta_title_alignment":"","neve_meta_author_avatar":"","neve_post_elements_order":"","neve_meta_disable_header":"","neve_meta_disable_footer":"","neve_meta_disable_title":""},"product_brand":[],"product_cat":[1805],"product_tag":[2746],"class_list":{"0":"post-106553","1":"product","2":"type-product","3":"status-publish","4":"has-post-thumbnail","6":"product_cat-colunas-microfones-webcam","7":"product_tag-colunasmicroswebcam","9":"first","10":"outofstock","11":"taxable","12":"shipping-taxable","13":"purchasable","14":"product-type-simple"},"_links":{"self":[{"href":"https:\/\/ifoffice.pt\/index.php?rest_route=\/wp\/v2\/product\/106553","targetHints":{"allow":["GET"]}}],"collection":[{"href":"https:\/\/ifoffice.pt\/index.php?rest_route=\/wp\/v2\/product"}],"about":[{"href":"https:\/\/ifoffice.pt\/index.php?rest_route=\/wp\/v2\/types\/product"}],"replies":[{"embeddable":true,"href":"https:\/\/ifoffice.pt\/index.php?rest_route=%2Fwp%2Fv2%2Fcomments&post=106553"}],"wp:featuredmedia":[{"embeddable":true,"href":"https:\/\/ifoffice.pt\/index.php?rest_route=\/wp\/v2\/media\/112652"}],"wp:attachment":[{"href":"https:\/\/ifoffice.pt\/index.php?rest_route=%2Fwp%2Fv2%2Fmedia&parent=106553"}],"wp:term":[{"taxonomy":"product_brand","embeddable":true,"href":"https:\/\/ifoffice.pt\/index.php?rest_route=%2Fwp%2Fv2%2Fproduct_brand&post=106553"},{"taxonomy":"product_cat","embeddable":true,"href":"https:\/\/ifoffice.pt\/index.php?rest_route=%2Fwp%2Fv2%2Fproduct_cat&post=106553"},{"taxonomy":"product_tag","embeddable":true,"href":"https:\/\/ifoffice.pt\/index.php?rest_route=%2Fwp%2Fv2%2Fproduct_tag&post=106553"}],"curies":[{"name":"wp","href":"https:\/\/api.w.org\/{rel}","templated":true}]}}