{"id":106552,"date":"2023-03-06T16:32:29","date_gmt":"2023-03-06T16:32:29","guid":{"rendered":"https:\/\/ifoffice.pt\/?post_type=product&#038;p=106552"},"modified":"2026-02-23T12:53:44","modified_gmt":"2026-02-23T12:53:44","slug":"166600","status":"publish","type":"product","link":"https:\/\/ifoffice.pt\/?product=166600","title":{"rendered":"Auricular ngs vox 505 microfone e controlo de volume diadema ajustavel jack 3,5 mm comprimento do cabo"},"content":{"rendered":"<p>Auriculares stereo de alta qualidade com microfone regul\u00e1vel e conex\u00e3o USB. Apto para PC, port\u00e1teis e consolas com entrada USB. Ideal para todas as comunica\u00e7\u00f5es de voz por IP e outras aplica\u00e7\u00f5es interativas de \u00e1udio para PC. As almofadas acolchoadas e ultra suaves, assim como o diadema ajust\u00e1vel, proporcionam uma excelente comodidade. O controlo de volume de f\u00e1cil acesso encontra-se integrado no auricular esquerdo. Bastante leve, apenas 80 g. Com tecnologia exclusiva de filtragem e amplifica\u00e7\u00e3o. Resposta de frequ\u00eancia de 20 Hz ~ 20 kHz. Sensibilidade e imped\u00e2ncia de 105 dB e 32 Ohm\/Hz respetivamente. 1,5 metros de cabo. Cor preta. Os auriculares.<\/p>\n","protected":false},"excerpt":{"rendered":"<p>Auricular ngs vox 505 microfone e controlo de volume diadema ajustavel jack 3,5 mm comprimento do cabo<\/p>\n","protected":false},"featured_media":133039,"comment_status":"open","ping_status":"closed","template":"","meta":{"neve_meta_sidebar":"","neve_meta_container":"","neve_meta_enable_content_width":"","neve_meta_content_width":0,"neve_meta_title_alignment":"","neve_meta_author_avatar":"","neve_post_elements_order":"","neve_meta_disable_header":"","neve_meta_disable_footer":"","neve_meta_disable_title":""},"product_brand":[],"product_cat":[1805],"product_tag":[2746],"class_list":{"0":"post-106552","1":"product","2":"type-product","3":"status-publish","4":"has-post-thumbnail","6":"product_cat-colunas-microfones-webcam","7":"product_tag-colunasmicroswebcam","9":"first","10":"instock","11":"taxable","12":"shipping-taxable","13":"purchasable","14":"product-type-simple"},"_links":{"self":[{"href":"https:\/\/ifoffice.pt\/index.php?rest_route=\/wp\/v2\/product\/106552","targetHints":{"allow":["GET"]}}],"collection":[{"href":"https:\/\/ifoffice.pt\/index.php?rest_route=\/wp\/v2\/product"}],"about":[{"href":"https:\/\/ifoffice.pt\/index.php?rest_route=\/wp\/v2\/types\/product"}],"replies":[{"embeddable":true,"href":"https:\/\/ifoffice.pt\/index.php?rest_route=%2Fwp%2Fv2%2Fcomments&post=106552"}],"wp:featuredmedia":[{"embeddable":true,"href":"https:\/\/ifoffice.pt\/index.php?rest_route=\/wp\/v2\/media\/133039"}],"wp:attachment":[{"href":"https:\/\/ifoffice.pt\/index.php?rest_route=%2Fwp%2Fv2%2Fmedia&parent=106552"}],"wp:term":[{"taxonomy":"product_brand","embeddable":true,"href":"https:\/\/ifoffice.pt\/index.php?rest_route=%2Fwp%2Fv2%2Fproduct_brand&post=106552"},{"taxonomy":"product_cat","embeddable":true,"href":"https:\/\/ifoffice.pt\/index.php?rest_route=%2Fwp%2Fv2%2Fproduct_cat&post=106552"},{"taxonomy":"product_tag","embeddable":true,"href":"https:\/\/ifoffice.pt\/index.php?rest_route=%2Fwp%2Fv2%2Fproduct_tag&post=106552"}],"curies":[{"name":"wp","href":"https:\/\/api.w.org\/{rel}","templated":true}]}}