{"id":106551,"date":"2023-03-06T16:32:29","date_gmt":"2023-03-06T16:32:29","guid":{"rendered":"https:\/\/ifoffice.pt\/?post_type=product&#038;p=106551"},"modified":"2025-03-12T12:12:46","modified_gmt":"2025-03-12T12:12:46","slug":"166601","status":"publish","type":"product","link":"https:\/\/ifoffice.pt\/?product=166601","title":{"rendered":"Camara webcam ngs xpresscam 1080 full hd 1920 x 1080 conexao usb 2.0 microfone incorporado 2 mpx cor preto"},"content":{"rendered":"<p>Webcam de alta defini\u00e7\u00e3o FULL HD (1920 x 1080) com conex\u00e3o USB 2.0. Microfone multidirecional incorporado para conversa\u00e7\u00f5es sem interfer\u00eancias. Compatibilidade com todas as aplica\u00e7\u00f5es de video chamada e chat: Skype, Zoom, Facetime, Teams, etc. Admite v\u00e1rios sistemas operativos: Windows, Mac OS, e Smart TV. Resolu\u00e7\u00e3o de 2 Mpx reais. Dist\u00e2ncia focal de 30 cm at\u00e9 ao infinito, um amplo campo de vis\u00e3o de 60 graus. Bot\u00e3o SNAPSHOT. Sistema de dete\u00e7\u00e3o antihack. Leve e de tamanho compacto. Comprimento dm cabo de 2 m para grande mobilidade. A base ajust\u00e1vel garante que pode ser fixada a qualquer monitor ou colocada sobre uma superf\u00edcie plana. Instala\u00e7\u00e3o Plug &amp; Play que elimina a necessidade de software. Medidas: 70 x 48 x 54 mm. A c\u00e2mara.<\/p>\n","protected":false},"excerpt":{"rendered":"<p>Webcam de alta defini\u00e7\u00e3o FULL HD (1920 x 1080) com conex\u00e3o USB 2.0. Microfone multidirecional incorporado para conversa\u00e7\u00f5es sem interfer\u00eancias. Compatibilidade com todas as aplica\u00e7\u00f5es de video chamada e chat: Skype, Zoom, Facetime, Teams, etc. Admite v\u00e1rios sistemas operativos: Windows, Mac OS, e Smart TV. Resolu\u00e7\u00e3o de 2 Mpx reais. Dist\u00e2ncia focal de 30 cm at\u00e9 ao infinito, um amplo campo de vis\u00e3o de 60 graus. Bot\u00e3o SNAPSHOT. Sistema de dete\u00e7\u00e3o antihack. Leve e de tamanho compacto. Comprimento dm cabo de 2 m para grande mobilidade. A base ajust\u00e1vel garante que pode ser fixada a qualquer monitor ou colocada sobre uma superf\u00edcie plana. Instala\u00e7\u00e3o Plug &amp; Play que elimina a necessidade de software. Medidas: 70 x 48 x 54 mm. A c\u00e2mara.<\/p>\n","protected":false},"featured_media":133055,"comment_status":"open","ping_status":"closed","template":"","meta":{"neve_meta_sidebar":"","neve_meta_container":"","neve_meta_enable_content_width":"off","neve_meta_content_width":100,"neve_meta_title_alignment":"","neve_meta_author_avatar":"","neve_post_elements_order":"","neve_meta_disable_header":"","neve_meta_disable_footer":"","neve_meta_disable_title":""},"product_brand":[],"product_cat":[1805],"product_tag":[1199,3070,3071],"class_list":{"0":"post-106551","1":"product","2":"type-product","3":"status-publish","4":"has-post-thumbnail","6":"product_cat-colunas-microfones-webcam","7":"product_tag-colunas","8":"product_tag-micros","9":"product_tag-webcam","11":"first","12":"outofstock","13":"taxable","14":"shipping-taxable","15":"purchasable","16":"product-type-simple"},"_links":{"self":[{"href":"https:\/\/ifoffice.pt\/index.php?rest_route=\/wp\/v2\/product\/106551","targetHints":{"allow":["GET"]}}],"collection":[{"href":"https:\/\/ifoffice.pt\/index.php?rest_route=\/wp\/v2\/product"}],"about":[{"href":"https:\/\/ifoffice.pt\/index.php?rest_route=\/wp\/v2\/types\/product"}],"replies":[{"embeddable":true,"href":"https:\/\/ifoffice.pt\/index.php?rest_route=%2Fwp%2Fv2%2Fcomments&post=106551"}],"wp:featuredmedia":[{"embeddable":true,"href":"https:\/\/ifoffice.pt\/index.php?rest_route=\/wp\/v2\/media\/133055"}],"wp:attachment":[{"href":"https:\/\/ifoffice.pt\/index.php?rest_route=%2Fwp%2Fv2%2Fmedia&parent=106551"}],"wp:term":[{"taxonomy":"product_brand","embeddable":true,"href":"https:\/\/ifoffice.pt\/index.php?rest_route=%2Fwp%2Fv2%2Fproduct_brand&post=106551"},{"taxonomy":"product_cat","embeddable":true,"href":"https:\/\/ifoffice.pt\/index.php?rest_route=%2Fwp%2Fv2%2Fproduct_cat&post=106551"},{"taxonomy":"product_tag","embeddable":true,"href":"https:\/\/ifoffice.pt\/index.php?rest_route=%2Fwp%2Fv2%2Fproduct_tag&post=106551"}],"curies":[{"name":"wp","href":"https:\/\/api.w.org\/{rel}","templated":true}]}}