{"id":106550,"date":"2023-03-06T16:32:29","date_gmt":"2023-03-06T16:32:29","guid":{"rendered":"https:\/\/ifoffice.pt\/?post_type=product&#038;p=106550"},"modified":"2025-03-12T14:19:51","modified_gmt":"2025-03-12T14:19:51","slug":"166602","status":"publish","type":"product","link":"https:\/\/ifoffice.pt\/?product=166602","title":{"rendered":"Coluna poly sync sy10-m bluetooth maos livres conexao usb-a\/c luzes led protecao ip64"},"content":{"rendered":"<p>Coluna m\u00e3os livres. Oferece um \u00e1udio excelente para chamadas de voz, video confer\u00eancias, semin\u00e1rios web e podcasts, assim como m\u00fasica de alta qualidade. Dois microfones com redu\u00e7\u00e3o de ru\u00eddo. O \u00e1udio full duplex permite manter conversas simult\u00e2neas. Conta com conectividade USB-A ou USB-C plug-and-play. Luzes LED e barra de luz altamente vis\u00edveis que permitem ver o estado das chamadas. Resistente ao p\u00f3 e \u00e0 \u00e1gua. Medidas: 182 x 32,5 x 89,5 mm. Peso: 300 g. A coluna.<\/p>\n","protected":false},"excerpt":{"rendered":"<p>Coluna m\u00e3os livres. Oferece um \u00e1udio excelente para chamadas de voz, video confer\u00eancias, semin\u00e1rios web e podcasts, assim como m\u00fasica de alta qualidade. Dois microfones com redu\u00e7\u00e3o de ru\u00eddo. O \u00e1udio full duplex permite manter conversas simult\u00e2neas. Conta com conectividade USB-A ou USB-C plug-and-play. Luzes LED e barra de luz altamente vis\u00edveis que permitem ver o estado das chamadas. Resistente ao p\u00f3 e \u00e0 \u00e1gua. Medidas: 182 x 32,5 x 89,5 mm. Peso: 300 g. A coluna.<\/p>\n","protected":false},"featured_media":133067,"comment_status":"open","ping_status":"closed","template":"","meta":{"neve_meta_sidebar":"","neve_meta_container":"","neve_meta_enable_content_width":"","neve_meta_content_width":0,"neve_meta_title_alignment":"","neve_meta_author_avatar":"","neve_post_elements_order":"","neve_meta_disable_header":"","neve_meta_disable_footer":"","neve_meta_disable_title":""},"product_brand":[],"product_cat":[1805],"product_tag":[2746],"class_list":{"0":"post-106550","1":"product","2":"type-product","3":"status-publish","4":"has-post-thumbnail","6":"product_cat-colunas-microfones-webcam","7":"product_tag-colunasmicroswebcam","9":"first","10":"outofstock","11":"taxable","12":"shipping-taxable","13":"purchasable","14":"product-type-simple"},"_links":{"self":[{"href":"https:\/\/ifoffice.pt\/index.php?rest_route=\/wp\/v2\/product\/106550","targetHints":{"allow":["GET"]}}],"collection":[{"href":"https:\/\/ifoffice.pt\/index.php?rest_route=\/wp\/v2\/product"}],"about":[{"href":"https:\/\/ifoffice.pt\/index.php?rest_route=\/wp\/v2\/types\/product"}],"replies":[{"embeddable":true,"href":"https:\/\/ifoffice.pt\/index.php?rest_route=%2Fwp%2Fv2%2Fcomments&post=106550"}],"wp:featuredmedia":[{"embeddable":true,"href":"https:\/\/ifoffice.pt\/index.php?rest_route=\/wp\/v2\/media\/133067"}],"wp:attachment":[{"href":"https:\/\/ifoffice.pt\/index.php?rest_route=%2Fwp%2Fv2%2Fmedia&parent=106550"}],"wp:term":[{"taxonomy":"product_brand","embeddable":true,"href":"https:\/\/ifoffice.pt\/index.php?rest_route=%2Fwp%2Fv2%2Fproduct_brand&post=106550"},{"taxonomy":"product_cat","embeddable":true,"href":"https:\/\/ifoffice.pt\/index.php?rest_route=%2Fwp%2Fv2%2Fproduct_cat&post=106550"},{"taxonomy":"product_tag","embeddable":true,"href":"https:\/\/ifoffice.pt\/index.php?rest_route=%2Fwp%2Fv2%2Fproduct_tag&post=106550"}],"curies":[{"name":"wp","href":"https:\/\/api.w.org\/{rel}","templated":true}]}}