{"id":106549,"date":"2023-03-06T16:32:28","date_gmt":"2023-03-06T16:32:28","guid":{"rendered":"https:\/\/ifoffice.pt\/?post_type=product&#038;p=106549"},"modified":"2025-03-12T12:12:46","modified_gmt":"2025-03-12T12:12:46","slug":"166603","status":"publish","type":"product","link":"https:\/\/ifoffice.pt\/?product=166603","title":{"rendered":"Televisor engel everled le3264t2 32&#8243; full hd tdt2 hdmi2 usb 2.0 pvr funcao oca modo hotel"},"content":{"rendered":"<p>Televisor com ecr\u00e3 32&#8243;. Resolu\u00e7\u00e3o HD. Resolu\u00e7\u00e3o do ecr\u00e3: 1366 x 768 pixels. Tecnologia de visualiza\u00e7\u00e3o: LED. Forma do ecr\u00e3: Plano. Rela\u00e7\u00e3o de aspeto nativa: 16:9. Brilho do ecr\u00e3: 180 cd \/ m\u00b2. Tempo de resposta: 8,5 ms. Raz\u00e3o de contraste (t\u00edpica): 3000:1. \u00c2ngulo de vis\u00e3o, vertical: 176\u00b0. N\u00famero de colunas: 2. Pot\u00eancia estimada RMS: 2 x 8 W. Portas HDMI: 2. USB 2.0: 1. O televisor.<\/p>\n","protected":false},"excerpt":{"rendered":"<p>Televisor com ecr\u00e3 32&#8243;. Resolu\u00e7\u00e3o HD. Resolu\u00e7\u00e3o do ecr\u00e3: 1366 x 768 pixels. Tecnologia de visualiza\u00e7\u00e3o: LED. Forma do ecr\u00e3: Plano. Rela\u00e7\u00e3o de aspeto nativa: 16:9. Brilho do ecr\u00e3: 180 cd \/ m\u00b2. Tempo de resposta: 8,5 ms. Raz\u00e3o de contraste (t\u00edpica): 3000:1. \u00c2ngulo de vis\u00e3o, vertical: 176\u00b0. N\u00famero de colunas: 2. Pot\u00eancia estimada RMS: 2 x 8 W. Portas HDMI: 2. USB 2.0: 1. O televisor.<\/p>\n","protected":false},"featured_media":112648,"comment_status":"open","ping_status":"closed","template":"","meta":{"neve_meta_sidebar":"","neve_meta_container":"","neve_meta_enable_content_width":"","neve_meta_content_width":0,"neve_meta_title_alignment":"","neve_meta_author_avatar":"","neve_post_elements_order":"","neve_meta_disable_header":"","neve_meta_disable_footer":"","neve_meta_disable_title":""},"product_brand":[],"product_cat":[2833],"product_tag":[2749],"class_list":{"0":"post-106549","1":"product","2":"type-product","3":"status-publish","4":"has-post-thumbnail","6":"product_cat-eletronica-multimedia","7":"product_tag-eletranica-multimadia","9":"first","10":"outofstock","11":"taxable","12":"shipping-taxable","13":"purchasable","14":"product-type-simple"},"_links":{"self":[{"href":"https:\/\/ifoffice.pt\/index.php?rest_route=\/wp\/v2\/product\/106549","targetHints":{"allow":["GET"]}}],"collection":[{"href":"https:\/\/ifoffice.pt\/index.php?rest_route=\/wp\/v2\/product"}],"about":[{"href":"https:\/\/ifoffice.pt\/index.php?rest_route=\/wp\/v2\/types\/product"}],"replies":[{"embeddable":true,"href":"https:\/\/ifoffice.pt\/index.php?rest_route=%2Fwp%2Fv2%2Fcomments&post=106549"}],"wp:featuredmedia":[{"embeddable":true,"href":"https:\/\/ifoffice.pt\/index.php?rest_route=\/wp\/v2\/media\/112648"}],"wp:attachment":[{"href":"https:\/\/ifoffice.pt\/index.php?rest_route=%2Fwp%2Fv2%2Fmedia&parent=106549"}],"wp:term":[{"taxonomy":"product_brand","embeddable":true,"href":"https:\/\/ifoffice.pt\/index.php?rest_route=%2Fwp%2Fv2%2Fproduct_brand&post=106549"},{"taxonomy":"product_cat","embeddable":true,"href":"https:\/\/ifoffice.pt\/index.php?rest_route=%2Fwp%2Fv2%2Fproduct_cat&post=106549"},{"taxonomy":"product_tag","embeddable":true,"href":"https:\/\/ifoffice.pt\/index.php?rest_route=%2Fwp%2Fv2%2Fproduct_tag&post=106549"}],"curies":[{"name":"wp","href":"https:\/\/api.w.org\/{rel}","templated":true}]}}