{"id":106548,"date":"2023-03-06T16:32:28","date_gmt":"2023-03-06T16:32:28","guid":{"rendered":"https:\/\/ifoffice.pt\/?post_type=product&#038;p=106548"},"modified":"2025-03-12T14:19:51","modified_gmt":"2025-03-12T14:19:51","slug":"166604","status":"publish","type":"product","link":"https:\/\/ifoffice.pt\/?product=166604","title":{"rendered":"Hub belkin inc004btsgy multiportas usb-c \/ hdmi \/ vga \/ usb-a \/ usb-c \/ ethernet \/ jack 3,5 mm"},"content":{"rendered":"<p>Conecta v\u00e1rios dispositivos ao mesmo tempo. Expande uma porta USB-C para uma porta HDMI, uma DisplayPort, uma VGA, tr\u00eas USB-A, uma Gigabit Ethernet, dois leitores de cart\u00f5es SD e MicroSD, uma porta de \u00e1udio de 3,5 mm e uma porta USB-C PD. Admite carregamento passthrough at\u00e9 100 W. Design compacto com as portas localizadas na parte de tr\u00e1s da base. Pode-se utilizar tamb\u00e9m como suporte para o port\u00e1til. 5 Gbps de largura de banda para transfer\u00eancias de dados ultra r\u00e1pidas entre o computador e os perif\u00e9ricos. As portas de v\u00eddeo VGA, HDMI e DisplayPort admitem resolu\u00e7\u00f5es at\u00e9 4K em m\u00faltiplos ecr\u00e3s. Medidas: 260 x 90 x 23 mm. Peso: 348,8 g.  O adaptador.<\/p>\n","protected":false},"excerpt":{"rendered":"<p>Conecta v\u00e1rios dispositivos ao mesmo tempo. Expande uma porta USB-C para uma porta HDMI, uma DisplayPort, uma VGA, tr\u00eas USB-A, uma Gigabit Ethernet, dois leitores de cart\u00f5es SD e MicroSD, uma porta de \u00e1udio de 3,5 mm e uma porta USB-C PD. Admite carregamento passthrough at\u00e9 100 W. Design compacto com as portas localizadas na parte de tr\u00e1s da base. Pode-se utilizar tamb\u00e9m como suporte para o port\u00e1til. 5 Gbps de largura de banda para transfer\u00eancias de dados ultra r\u00e1pidas entre o computador e os perif\u00e9ricos. As portas de v\u00eddeo VGA, HDMI e DisplayPort admitem resolu\u00e7\u00f5es at\u00e9 4K em m\u00faltiplos ecr\u00e3s. Medidas: 260 x 90 x 23 mm. Peso: 348,8 g. O adaptador.<\/p>\n","protected":false},"featured_media":131660,"comment_status":"open","ping_status":"closed","template":"","meta":{"neve_meta_sidebar":"","neve_meta_container":"","neve_meta_enable_content_width":"","neve_meta_content_width":0,"neve_meta_title_alignment":"","neve_meta_author_avatar":"","neve_post_elements_order":"","neve_meta_disable_header":"","neve_meta_disable_footer":"","neve_meta_disable_title":""},"product_brand":[],"product_cat":[1819],"product_tag":[2747],"class_list":{"0":"post-106548","1":"product","2":"type-product","3":"status-publish","4":"has-post-thumbnail","6":"product_cat-conectividade-cabos-wifi-hub","7":"product_tag-conetividadecaboswifihub","9":"first","10":"instock","11":"taxable","12":"shipping-taxable","13":"purchasable","14":"product-type-simple"},"_links":{"self":[{"href":"https:\/\/ifoffice.pt\/index.php?rest_route=\/wp\/v2\/product\/106548","targetHints":{"allow":["GET"]}}],"collection":[{"href":"https:\/\/ifoffice.pt\/index.php?rest_route=\/wp\/v2\/product"}],"about":[{"href":"https:\/\/ifoffice.pt\/index.php?rest_route=\/wp\/v2\/types\/product"}],"replies":[{"embeddable":true,"href":"https:\/\/ifoffice.pt\/index.php?rest_route=%2Fwp%2Fv2%2Fcomments&post=106548"}],"wp:featuredmedia":[{"embeddable":true,"href":"https:\/\/ifoffice.pt\/index.php?rest_route=\/wp\/v2\/media\/131660"}],"wp:attachment":[{"href":"https:\/\/ifoffice.pt\/index.php?rest_route=%2Fwp%2Fv2%2Fmedia&parent=106548"}],"wp:term":[{"taxonomy":"product_brand","embeddable":true,"href":"https:\/\/ifoffice.pt\/index.php?rest_route=%2Fwp%2Fv2%2Fproduct_brand&post=106548"},{"taxonomy":"product_cat","embeddable":true,"href":"https:\/\/ifoffice.pt\/index.php?rest_route=%2Fwp%2Fv2%2Fproduct_cat&post=106548"},{"taxonomy":"product_tag","embeddable":true,"href":"https:\/\/ifoffice.pt\/index.php?rest_route=%2Fwp%2Fv2%2Fproduct_tag&post=106548"}],"curies":[{"name":"wp","href":"https:\/\/api.w.org\/{rel}","templated":true}]}}