{"id":106546,"date":"2023-03-06T16:32:27","date_gmt":"2023-03-06T16:32:27","guid":{"rendered":"https:\/\/ifoffice.pt\/?post_type=product&#038;p=106546"},"modified":"2025-03-12T12:12:43","modified_gmt":"2025-03-12T12:12:43","slug":"166606","status":"publish","type":"product","link":"https:\/\/ifoffice.pt\/?product=166606","title":{"rendered":"Bateria auxiliar belkin bpb001btwh boost charge usb-c 18w + usb-a 12w pd 10k cabo usb-c cor branco"},"content":{"rendered":"<p>Bateria externa com carregamento r\u00e1pido de 10 000 mAh que proporciona at\u00e9 36 horas adicionais de autonomia da bateria para um smartphone, para al\u00e9m da bateria de dispositivos compat\u00edveis com USB-PD por uma porta USB-C de 18 W, carrega outro dispositivo adicional por uma porta USB-A de 12 W. Carrega at\u00e9 50 % em 36 minutos, com o cabo USB-C para USB-C inclu\u00eddo. Suporta carregamento r\u00e1pido para iPhone 8 ou posterior, carregando a sua bateria at\u00e9 50 % em 30 minutos (requer de um cabo USB-C para Lightning, n\u00e3o inclu\u00eddo). Dispositivos compat\u00edveis: iPhone 13, iPhone 13, 13 Pro, 13 Pro Max, 13 Mini, iPhone 12, 11, Pro, Pro Max, Mini, iPad, Galaxy S22, Ultra, Plus. Medidas: 99,1 x 158,5 x 49,5 mm. Peso: 320 g. O carregador.<\/p>\n","protected":false},"excerpt":{"rendered":"<p>Bateria externa com carregamento r\u00e1pido de 10 000 mAh que proporciona at\u00e9 36 horas adicionais de autonomia da bateria para um smartphone, para al\u00e9m da bateria de dispositivos compat\u00edveis com USB-PD por uma porta USB-C de 18 W, carrega outro dispositivo adicional por uma porta USB-A de 12 W. Carrega at\u00e9 50 % em 36 minutos, com o cabo USB-C para USB-C inclu\u00eddo. Suporta carregamento r\u00e1pido para iPhone 8 ou posterior, carregando a sua bateria at\u00e9 50 % em 30 minutos (requer de um cabo USB-C para Lightning, n\u00e3o inclu\u00eddo). Dispositivos compat\u00edveis: iPhone 13, iPhone 13, 13 Pro, 13 Pro Max, 13 Mini, iPhone 12, 11, Pro, Pro Max, Mini, iPad, Galaxy S22, Ultra, Plus. Medidas: 99,1 x 158,5 x 49,5 mm. Peso: 320 g. O carregador.<\/p>\n","protected":false},"featured_media":133042,"comment_status":"open","ping_status":"closed","template":"","meta":{"neve_meta_sidebar":"","neve_meta_container":"","neve_meta_enable_content_width":"","neve_meta_content_width":0,"neve_meta_title_alignment":"","neve_meta_author_avatar":"","neve_post_elements_order":"","neve_meta_disable_header":"","neve_meta_disable_footer":"","neve_meta_disable_title":""},"product_brand":[],"product_cat":[1819],"product_tag":[2747],"class_list":{"0":"post-106546","1":"product","2":"type-product","3":"status-publish","4":"has-post-thumbnail","6":"product_cat-conectividade-cabos-wifi-hub","7":"product_tag-conetividadecaboswifihub","9":"first","10":"outofstock","11":"taxable","12":"shipping-taxable","13":"purchasable","14":"product-type-simple"},"_links":{"self":[{"href":"https:\/\/ifoffice.pt\/index.php?rest_route=\/wp\/v2\/product\/106546","targetHints":{"allow":["GET"]}}],"collection":[{"href":"https:\/\/ifoffice.pt\/index.php?rest_route=\/wp\/v2\/product"}],"about":[{"href":"https:\/\/ifoffice.pt\/index.php?rest_route=\/wp\/v2\/types\/product"}],"replies":[{"embeddable":true,"href":"https:\/\/ifoffice.pt\/index.php?rest_route=%2Fwp%2Fv2%2Fcomments&post=106546"}],"wp:featuredmedia":[{"embeddable":true,"href":"https:\/\/ifoffice.pt\/index.php?rest_route=\/wp\/v2\/media\/133042"}],"wp:attachment":[{"href":"https:\/\/ifoffice.pt\/index.php?rest_route=%2Fwp%2Fv2%2Fmedia&parent=106546"}],"wp:term":[{"taxonomy":"product_brand","embeddable":true,"href":"https:\/\/ifoffice.pt\/index.php?rest_route=%2Fwp%2Fv2%2Fproduct_brand&post=106546"},{"taxonomy":"product_cat","embeddable":true,"href":"https:\/\/ifoffice.pt\/index.php?rest_route=%2Fwp%2Fv2%2Fproduct_cat&post=106546"},{"taxonomy":"product_tag","embeddable":true,"href":"https:\/\/ifoffice.pt\/index.php?rest_route=%2Fwp%2Fv2%2Fproduct_tag&post=106546"}],"curies":[{"name":"wp","href":"https:\/\/api.w.org\/{rel}","templated":true}]}}