{"id":106543,"date":"2023-03-06T16:32:22","date_gmt":"2023-03-06T16:32:22","guid":{"rendered":"https:\/\/ifoffice.pt\/?post_type=product&#038;p=106543"},"modified":"2024-10-08T14:54:36","modified_gmt":"2024-10-08T14:54:36","slug":"166609","status":"publish","type":"product","link":"https:\/\/ifoffice.pt\/?product=166609","title":{"rendered":"Pen drive emtec usb 3.2 click easy 32 gb azul"},"content":{"rendered":"<p>Transfer\u00eancia de dados r\u00e1pida com escrita de 10 Mbps. Compat\u00edvel com USB 2.0 \/ USB 3.1 gen1 \/ 3.2 gen2. Compat\u00edvel com computador port\u00e1til com Windows 10, 8, 7 Vista, XP, Mac X, Linux 2.6x. Medidas: 21 x 57 x 12 mm.  A Pen Drive.<\/p>\n","protected":false},"excerpt":{"rendered":"<p>Transfer\u00eancia de dados r\u00e1pida com escrita de 10 Mbps. Compat\u00edvel com USB 2.0 \/ USB 3.1 gen1 \/ 3.2 gen2. Compat\u00edvel com computador port\u00e1til com Windows 10, 8, 7 Vista, XP, Mac X, Linux 2.6x. Medidas: 21 x 57 x 12 mm. A Pen Drive.<\/p>\n","protected":false},"featured_media":131866,"comment_status":"open","ping_status":"closed","template":"","meta":{"neve_meta_sidebar":"","neve_meta_container":"","neve_meta_enable_content_width":"","neve_meta_content_width":0,"neve_meta_title_alignment":"","neve_meta_author_avatar":"","neve_post_elements_order":"","neve_meta_disable_header":"","neve_meta_disable_footer":"","neve_meta_disable_title":""},"product_brand":[],"product_cat":[2831],"product_tag":[2745],"class_list":{"0":"post-106543","1":"product","2":"type-product","3":"status-publish","4":"has-post-thumbnail","6":"product_cat-memorias-usbsddiscos-duros","7":"product_tag-memarias-usbsddiscos-duros","9":"first","10":"instock","11":"taxable","12":"shipping-taxable","13":"purchasable","14":"product-type-variable"},"_links":{"self":[{"href":"https:\/\/ifoffice.pt\/index.php?rest_route=\/wp\/v2\/product\/106543","targetHints":{"allow":["GET"]}}],"collection":[{"href":"https:\/\/ifoffice.pt\/index.php?rest_route=\/wp\/v2\/product"}],"about":[{"href":"https:\/\/ifoffice.pt\/index.php?rest_route=\/wp\/v2\/types\/product"}],"replies":[{"embeddable":true,"href":"https:\/\/ifoffice.pt\/index.php?rest_route=%2Fwp%2Fv2%2Fcomments&post=106543"}],"wp:featuredmedia":[{"embeddable":true,"href":"https:\/\/ifoffice.pt\/index.php?rest_route=\/wp\/v2\/media\/131866"}],"wp:attachment":[{"href":"https:\/\/ifoffice.pt\/index.php?rest_route=%2Fwp%2Fv2%2Fmedia&parent=106543"}],"wp:term":[{"taxonomy":"product_brand","embeddable":true,"href":"https:\/\/ifoffice.pt\/index.php?rest_route=%2Fwp%2Fv2%2Fproduct_brand&post=106543"},{"taxonomy":"product_cat","embeddable":true,"href":"https:\/\/ifoffice.pt\/index.php?rest_route=%2Fwp%2Fv2%2Fproduct_cat&post=106543"},{"taxonomy":"product_tag","embeddable":true,"href":"https:\/\/ifoffice.pt\/index.php?rest_route=%2Fwp%2Fv2%2Fproduct_tag&post=106543"}],"curies":[{"name":"wp","href":"https:\/\/api.w.org\/{rel}","templated":true}]}}