{"id":106541,"date":"2023-03-06T16:32:21","date_gmt":"2023-03-06T16:32:21","guid":{"rendered":"https:\/\/ifoffice.pt\/?post_type=product&#038;p=106541"},"modified":"2024-10-08T15:05:23","modified_gmt":"2024-10-08T15:05:23","slug":"166611","status":"publish","type":"product","link":"https:\/\/ifoffice.pt\/?product=166611","title":{"rendered":"Pen drive emtec usb 3.2 dual mobile &#038; go type-c \/usb 32 gb"},"content":{"rendered":"<p>Interface do dispositivo: USB Type-A \/ USB Type-C, Vers\u00e3o USB: 3.2. Gen 1 (3.1 Gen 1), Velocidade de leitura: 180 MB\/s, Velocidade de escrita: 15 MB\/s. Fator de forma: Girat\u00f3rio. A\u00e7o inoxid\u00e1vel. A Pen Drive.<\/p>\n","protected":false},"excerpt":{"rendered":"<p>Interface do dispositivo: USB Type-A \/ USB Type-C, Vers\u00e3o USB: 3.2. Gen 1 (3.1 Gen 1), Velocidade de leitura: 180 MB\/s, Velocidade de escrita: 15 MB\/s. Fator de forma: Girat\u00f3rio. A\u00e7o inoxid\u00e1vel. A Pen Drive.<\/p>\n","protected":false},"featured_media":133199,"comment_status":"open","ping_status":"closed","template":"","meta":{"neve_meta_sidebar":"","neve_meta_container":"","neve_meta_enable_content_width":"off","neve_meta_content_width":100,"neve_meta_title_alignment":"","neve_meta_author_avatar":"","neve_post_elements_order":"","neve_meta_disable_header":"","neve_meta_disable_footer":"","neve_meta_disable_title":""},"product_brand":[],"product_cat":[2831],"product_tag":[928,3015,3016],"class_list":{"0":"post-106541","1":"product","2":"type-product","3":"status-publish","4":"has-post-thumbnail","6":"product_cat-memorias-usbsddiscos-duros","7":"product_tag-discos-duros","8":"product_tag-memarias-usb","9":"product_tag-sd","11":"first","12":"outofstock","13":"taxable","14":"shipping-taxable","15":"purchasable","16":"product-type-variable","17":"has-default-attributes"},"_links":{"self":[{"href":"https:\/\/ifoffice.pt\/index.php?rest_route=\/wp\/v2\/product\/106541","targetHints":{"allow":["GET"]}}],"collection":[{"href":"https:\/\/ifoffice.pt\/index.php?rest_route=\/wp\/v2\/product"}],"about":[{"href":"https:\/\/ifoffice.pt\/index.php?rest_route=\/wp\/v2\/types\/product"}],"replies":[{"embeddable":true,"href":"https:\/\/ifoffice.pt\/index.php?rest_route=%2Fwp%2Fv2%2Fcomments&post=106541"}],"wp:featuredmedia":[{"embeddable":true,"href":"https:\/\/ifoffice.pt\/index.php?rest_route=\/wp\/v2\/media\/133199"}],"wp:attachment":[{"href":"https:\/\/ifoffice.pt\/index.php?rest_route=%2Fwp%2Fv2%2Fmedia&parent=106541"}],"wp:term":[{"taxonomy":"product_brand","embeddable":true,"href":"https:\/\/ifoffice.pt\/index.php?rest_route=%2Fwp%2Fv2%2Fproduct_brand&post=106541"},{"taxonomy":"product_cat","embeddable":true,"href":"https:\/\/ifoffice.pt\/index.php?rest_route=%2Fwp%2Fv2%2Fproduct_cat&post=106541"},{"taxonomy":"product_tag","embeddable":true,"href":"https:\/\/ifoffice.pt\/index.php?rest_route=%2Fwp%2Fv2%2Fproduct_tag&post=106541"}],"curies":[{"name":"wp","href":"https:\/\/api.w.org\/{rel}","templated":true}]}}