{"id":106539,"date":"2023-03-06T16:32:21","date_gmt":"2023-03-06T16:32:21","guid":{"rendered":"https:\/\/ifoffice.pt\/?post_type=product&#038;p=106539"},"modified":"2026-02-23T12:53:44","modified_gmt":"2026-02-23T12:53:44","slug":"166613","status":"publish","type":"product","link":"https:\/\/ifoffice.pt\/?product=166613","title":{"rendered":"Cartao de memoria sd micro emtec class 10 gold com adaptador 32 gb"},"content":{"rendered":"<p>Cart\u00e3o de mem\u00f3ria micro SD. Compat\u00edvel com todos os dispositivos standard micro SDHC e micro SDXC, Classe 10. Capacidade 32 GB. Adaptador inclu\u00eddo. O cart\u00e3o.<\/p>\n","protected":false},"excerpt":{"rendered":"<p>Cartao de memoria sd micro emtec class 10 gold com adaptador 32 gb<\/p>\n","protected":false},"featured_media":131477,"comment_status":"open","ping_status":"closed","template":"","meta":{"neve_meta_sidebar":"","neve_meta_container":"","neve_meta_enable_content_width":"","neve_meta_content_width":0,"neve_meta_title_alignment":"","neve_meta_author_avatar":"","neve_post_elements_order":"","neve_meta_disable_header":"","neve_meta_disable_footer":"","neve_meta_disable_title":""},"product_brand":[],"product_cat":[2831],"product_tag":[2745],"class_list":{"0":"post-106539","1":"product","2":"type-product","3":"status-publish","4":"has-post-thumbnail","6":"product_cat-memorias-usbsddiscos-duros","7":"product_tag-memarias-usbsddiscos-duros","9":"first","10":"instock","11":"taxable","12":"shipping-taxable","13":"purchasable","14":"product-type-simple"},"_links":{"self":[{"href":"https:\/\/ifoffice.pt\/index.php?rest_route=\/wp\/v2\/product\/106539","targetHints":{"allow":["GET"]}}],"collection":[{"href":"https:\/\/ifoffice.pt\/index.php?rest_route=\/wp\/v2\/product"}],"about":[{"href":"https:\/\/ifoffice.pt\/index.php?rest_route=\/wp\/v2\/types\/product"}],"replies":[{"embeddable":true,"href":"https:\/\/ifoffice.pt\/index.php?rest_route=%2Fwp%2Fv2%2Fcomments&post=106539"}],"wp:featuredmedia":[{"embeddable":true,"href":"https:\/\/ifoffice.pt\/index.php?rest_route=\/wp\/v2\/media\/131477"}],"wp:attachment":[{"href":"https:\/\/ifoffice.pt\/index.php?rest_route=%2Fwp%2Fv2%2Fmedia&parent=106539"}],"wp:term":[{"taxonomy":"product_brand","embeddable":true,"href":"https:\/\/ifoffice.pt\/index.php?rest_route=%2Fwp%2Fv2%2Fproduct_brand&post=106539"},{"taxonomy":"product_cat","embeddable":true,"href":"https:\/\/ifoffice.pt\/index.php?rest_route=%2Fwp%2Fv2%2Fproduct_cat&post=106539"},{"taxonomy":"product_tag","embeddable":true,"href":"https:\/\/ifoffice.pt\/index.php?rest_route=%2Fwp%2Fv2%2Fproduct_tag&post=106539"}],"curies":[{"name":"wp","href":"https:\/\/api.w.org\/{rel}","templated":true}]}}