{"id":106530,"date":"2023-03-06T16:32:13","date_gmt":"2023-03-06T16:32:13","guid":{"rendered":"https:\/\/ifoffice.pt\/?post_type=product&#038;p=106530"},"modified":"2025-03-12T12:12:42","modified_gmt":"2025-03-12T12:12:42","slug":"166623","status":"publish","type":"product","link":"https:\/\/ifoffice.pt\/?product=166623","title":{"rendered":"Auricular trust radio gxt411 gaming com microfone ajustavel comprimento do cabo 1 mt cor preto"},"content":{"rendered":"<p>Equipados com unidades de colunas ativas de 40 mm para transmitir diretamente todos os detalhes, para que possa falar com os seus colegas de equipa como se estivessem na mesma sala. A clareza sonora do microfone ajust\u00e1vel garante que a falta de comunica\u00e7\u00e3o n\u00e3o volte a ser a causa de uma derrota. Suaves e c\u00f3modas almofadas, combinadas com o diadema e o microfone ajust\u00e1veis. Gra\u00e7as ao seu design multiplataforma, poder\u00e1 conectar os auriculares \u00e0 sua consola mediante o cabo auxiliar de 1 m ou utilizar o cabo de extens\u00e3o de 1 m para uma conex\u00e3o plug-and-play com o seu computador de secret\u00e1ria, port\u00e1til ou smartphone. Medidas: 190 x 200 x 95 mm. Peso: 275 g. Os auriculares.<\/p>\n","protected":false},"excerpt":{"rendered":"<p>Equipados com unidades de colunas ativas de 40 mm para transmitir diretamente todos os detalhes, para que possa falar com os seus colegas de equipa como se estivessem na mesma sala. A clareza sonora do microfone ajust\u00e1vel garante que a falta de comunica\u00e7\u00e3o n\u00e3o volte a ser a causa de uma derrota. Suaves e c\u00f3modas almofadas, combinadas com o diadema e o microfone ajust\u00e1veis. Gra\u00e7as ao seu design multiplataforma, poder\u00e1 conectar os auriculares \u00e0 sua consola mediante o cabo auxiliar de 1 m ou utilizar o cabo de extens\u00e3o de 1 m para uma conex\u00e3o plug-and-play com o seu computador de secret\u00e1ria, port\u00e1til ou smartphone. Medidas: 190 x 200 x 95 mm. Peso: 275 g. Os auriculares.<\/p>\n","protected":false},"featured_media":133041,"comment_status":"open","ping_status":"closed","template":"","meta":{"neve_meta_sidebar":"","neve_meta_container":"","neve_meta_enable_content_width":"","neve_meta_content_width":0,"neve_meta_title_alignment":"","neve_meta_author_avatar":"","neve_post_elements_order":"","neve_meta_disable_header":"","neve_meta_disable_footer":"","neve_meta_disable_title":""},"product_brand":[],"product_cat":[1805],"product_tag":[2746],"class_list":{"0":"post-106530","1":"product","2":"type-product","3":"status-publish","4":"has-post-thumbnail","6":"product_cat-colunas-microfones-webcam","7":"product_tag-colunasmicroswebcam","9":"first","10":"outofstock","11":"taxable","12":"shipping-taxable","13":"purchasable","14":"product-type-simple"},"_links":{"self":[{"href":"https:\/\/ifoffice.pt\/index.php?rest_route=\/wp\/v2\/product\/106530","targetHints":{"allow":["GET"]}}],"collection":[{"href":"https:\/\/ifoffice.pt\/index.php?rest_route=\/wp\/v2\/product"}],"about":[{"href":"https:\/\/ifoffice.pt\/index.php?rest_route=\/wp\/v2\/types\/product"}],"replies":[{"embeddable":true,"href":"https:\/\/ifoffice.pt\/index.php?rest_route=%2Fwp%2Fv2%2Fcomments&post=106530"}],"wp:featuredmedia":[{"embeddable":true,"href":"https:\/\/ifoffice.pt\/index.php?rest_route=\/wp\/v2\/media\/133041"}],"wp:attachment":[{"href":"https:\/\/ifoffice.pt\/index.php?rest_route=%2Fwp%2Fv2%2Fmedia&parent=106530"}],"wp:term":[{"taxonomy":"product_brand","embeddable":true,"href":"https:\/\/ifoffice.pt\/index.php?rest_route=%2Fwp%2Fv2%2Fproduct_brand&post=106530"},{"taxonomy":"product_cat","embeddable":true,"href":"https:\/\/ifoffice.pt\/index.php?rest_route=%2Fwp%2Fv2%2Fproduct_cat&post=106530"},{"taxonomy":"product_tag","embeddable":true,"href":"https:\/\/ifoffice.pt\/index.php?rest_route=%2Fwp%2Fv2%2Fproduct_tag&post=106530"}],"curies":[{"name":"wp","href":"https:\/\/api.w.org\/{rel}","templated":true}]}}