{"id":106528,"date":"2023-03-06T16:32:12","date_gmt":"2023-03-06T16:32:12","guid":{"rendered":"https:\/\/ifoffice.pt\/?post_type=product&#038;p=106528"},"modified":"2026-02-23T12:53:42","modified_gmt":"2026-02-23T12:53:42","slug":"166625","status":"publish","type":"product","link":"https:\/\/ifoffice.pt\/?product=166625","title":{"rendered":"Rato trust gxt105x izza gaming otico luzes led 800-4000 ppp 6 botoes usb 2.0 cabo 1,80 m cor preto"},"content":{"rendered":"<p>Rato para jogos com 6 bot\u00f5es e design de ilumina\u00e7\u00e3o LED exclusivo.  Medidas: 73 x 130 x 42 mm. Peso: 129 g. O rato.<\/p>\n","protected":false},"excerpt":{"rendered":"<p>Rato trust gxt105x izza gaming otico luzes led 800-4000 ppp 6 botoes usb 2.0 cabo 1,80 m cor preto<\/p>\n","protected":false},"featured_media":131923,"comment_status":"open","ping_status":"closed","template":"","meta":{"neve_meta_sidebar":"","neve_meta_container":"","neve_meta_enable_content_width":"","neve_meta_content_width":0,"neve_meta_title_alignment":"","neve_meta_author_avatar":"","neve_post_elements_order":"","neve_meta_disable_header":"","neve_meta_disable_footer":"","neve_meta_disable_title":""},"product_brand":[],"product_cat":[1819],"product_tag":[2747],"class_list":{"0":"post-106528","1":"product","2":"type-product","3":"status-publish","4":"has-post-thumbnail","6":"product_cat-conectividade-cabos-wifi-hub","7":"product_tag-conetividadecaboswifihub","9":"first","10":"instock","11":"taxable","12":"shipping-taxable","13":"purchasable","14":"product-type-simple"},"_links":{"self":[{"href":"https:\/\/ifoffice.pt\/index.php?rest_route=\/wp\/v2\/product\/106528","targetHints":{"allow":["GET"]}}],"collection":[{"href":"https:\/\/ifoffice.pt\/index.php?rest_route=\/wp\/v2\/product"}],"about":[{"href":"https:\/\/ifoffice.pt\/index.php?rest_route=\/wp\/v2\/types\/product"}],"replies":[{"embeddable":true,"href":"https:\/\/ifoffice.pt\/index.php?rest_route=%2Fwp%2Fv2%2Fcomments&post=106528"}],"wp:featuredmedia":[{"embeddable":true,"href":"https:\/\/ifoffice.pt\/index.php?rest_route=\/wp\/v2\/media\/131923"}],"wp:attachment":[{"href":"https:\/\/ifoffice.pt\/index.php?rest_route=%2Fwp%2Fv2%2Fmedia&parent=106528"}],"wp:term":[{"taxonomy":"product_brand","embeddable":true,"href":"https:\/\/ifoffice.pt\/index.php?rest_route=%2Fwp%2Fv2%2Fproduct_brand&post=106528"},{"taxonomy":"product_cat","embeddable":true,"href":"https:\/\/ifoffice.pt\/index.php?rest_route=%2Fwp%2Fv2%2Fproduct_cat&post=106528"},{"taxonomy":"product_tag","embeddable":true,"href":"https:\/\/ifoffice.pt\/index.php?rest_route=%2Fwp%2Fv2%2Fproduct_tag&post=106528"}],"curies":[{"name":"wp","href":"https:\/\/api.w.org\/{rel}","templated":true}]}}