{"id":106526,"date":"2023-03-06T16:32:11","date_gmt":"2023-03-06T16:32:11","guid":{"rendered":"https:\/\/ifoffice.pt\/?post_type=product&#038;p=106526"},"modified":"2025-03-12T12:12:40","modified_gmt":"2025-03-12T12:12:40","slug":"166627","status":"publish","type":"product","link":"https:\/\/ifoffice.pt\/?product=166627","title":{"rendered":"Auricular trust hs-250 com microfone ajustavel usb 2,0 comprimento do cabo 2 mt cor preto"},"content":{"rendered":"<p>C\u00f3modo conjunto de auriculares para PC com almofadas suaves de grande tamanho e diadema ajust\u00e1vel. Unidades de coluna de grande tamanho de 40 mm que oferecem um som stereo n\u00edtido. Microfone flex\u00edvel. Equipado com um cabo USB de 2 m de comprimento que permite muita liberdade de movimento. Inclui um comando integrado no cabo, de modo a poder ajustar facilmente o volume ou o microfone. Medidas: 160 x 220 x 90 mm. Peso: 214\u00a0g. Os auriculares.<\/p>\n","protected":false},"excerpt":{"rendered":"<p>C\u00f3modo conjunto de auriculares para PC com almofadas suaves de grande tamanho e diadema ajust\u00e1vel. Unidades de coluna de grande tamanho de 40 mm que oferecem um som stereo n\u00edtido. Microfone flex\u00edvel. Equipado com um cabo USB de 2 m de comprimento que permite muita liberdade de movimento. Inclui um comando integrado no cabo, de modo a poder ajustar facilmente o volume ou o microfone. Medidas: 160 x 220 x 90 mm. Peso: 214\u00a0g. Os auriculares.<\/p>\n","protected":false},"featured_media":112625,"comment_status":"open","ping_status":"closed","template":"","meta":{"neve_meta_sidebar":"","neve_meta_container":"","neve_meta_enable_content_width":"","neve_meta_content_width":0,"neve_meta_title_alignment":"","neve_meta_author_avatar":"","neve_post_elements_order":"","neve_meta_disable_header":"","neve_meta_disable_footer":"","neve_meta_disable_title":""},"product_brand":[],"product_cat":[1805],"product_tag":[2746],"class_list":{"0":"post-106526","1":"product","2":"type-product","3":"status-publish","4":"has-post-thumbnail","6":"product_cat-colunas-microfones-webcam","7":"product_tag-colunasmicroswebcam","9":"first","10":"outofstock","11":"taxable","12":"shipping-taxable","13":"purchasable","14":"product-type-simple"},"_links":{"self":[{"href":"https:\/\/ifoffice.pt\/index.php?rest_route=\/wp\/v2\/product\/106526","targetHints":{"allow":["GET"]}}],"collection":[{"href":"https:\/\/ifoffice.pt\/index.php?rest_route=\/wp\/v2\/product"}],"about":[{"href":"https:\/\/ifoffice.pt\/index.php?rest_route=\/wp\/v2\/types\/product"}],"replies":[{"embeddable":true,"href":"https:\/\/ifoffice.pt\/index.php?rest_route=%2Fwp%2Fv2%2Fcomments&post=106526"}],"wp:featuredmedia":[{"embeddable":true,"href":"https:\/\/ifoffice.pt\/index.php?rest_route=\/wp\/v2\/media\/112625"}],"wp:attachment":[{"href":"https:\/\/ifoffice.pt\/index.php?rest_route=%2Fwp%2Fv2%2Fmedia&parent=106526"}],"wp:term":[{"taxonomy":"product_brand","embeddable":true,"href":"https:\/\/ifoffice.pt\/index.php?rest_route=%2Fwp%2Fv2%2Fproduct_brand&post=106526"},{"taxonomy":"product_cat","embeddable":true,"href":"https:\/\/ifoffice.pt\/index.php?rest_route=%2Fwp%2Fv2%2Fproduct_cat&post=106526"},{"taxonomy":"product_tag","embeddable":true,"href":"https:\/\/ifoffice.pt\/index.php?rest_route=%2Fwp%2Fv2%2Fproduct_tag&post=106526"}],"curies":[{"name":"wp","href":"https:\/\/api.w.org\/{rel}","templated":true}]}}