{"id":106525,"date":"2023-03-06T16:32:10","date_gmt":"2023-03-06T16:32:10","guid":{"rendered":"https:\/\/ifoffice.pt\/?post_type=product&#038;p=106525"},"modified":"2026-02-23T12:53:42","modified_gmt":"2026-02-23T12:53:42","slug":"166628","status":"publish","type":"product","link":"https:\/\/ifoffice.pt\/?product=166628","title":{"rendered":"Colunas trust remo 2.0 potencia maxima 16 w controlo de volume conexao usb 2.0 jack 3.5 mm cor preto"},"content":{"rendered":"<p>Compacto conjunto de colunas stereo com pot\u00eancia de sa\u00edda RMS de 8 watts (16 watts de pot\u00eancia m\u00e1xima). N\u00e3o \u00e9 necess\u00e1rio conectar a uma tomada de parede. Tamb\u00e9m se desligam automaticamente quando tiver terminado de utilizar o PC ou port\u00e1til. Medidas: 80 x 175 x 80 mm.  Peso: 600 g. O conjunto de colunas.<\/p>\n","protected":false},"excerpt":{"rendered":"<p>Colunas trust remo 2.0 potencia maxima 16 w controlo de volume conexao usb 2.0 jack 3.5 mm cor preto<\/p>\n","protected":false},"featured_media":133068,"comment_status":"open","ping_status":"closed","template":"","meta":{"neve_meta_sidebar":"","neve_meta_container":"","neve_meta_enable_content_width":"","neve_meta_content_width":0,"neve_meta_title_alignment":"","neve_meta_author_avatar":"","neve_post_elements_order":"","neve_meta_disable_header":"","neve_meta_disable_footer":"","neve_meta_disable_title":""},"product_brand":[],"product_cat":[1805],"product_tag":[2746],"class_list":{"0":"post-106525","1":"product","2":"type-product","3":"status-publish","4":"has-post-thumbnail","6":"product_cat-colunas-microfones-webcam","7":"product_tag-colunasmicroswebcam","9":"first","10":"instock","11":"taxable","12":"shipping-taxable","13":"purchasable","14":"product-type-simple"},"_links":{"self":[{"href":"https:\/\/ifoffice.pt\/index.php?rest_route=\/wp\/v2\/product\/106525","targetHints":{"allow":["GET"]}}],"collection":[{"href":"https:\/\/ifoffice.pt\/index.php?rest_route=\/wp\/v2\/product"}],"about":[{"href":"https:\/\/ifoffice.pt\/index.php?rest_route=\/wp\/v2\/types\/product"}],"replies":[{"embeddable":true,"href":"https:\/\/ifoffice.pt\/index.php?rest_route=%2Fwp%2Fv2%2Fcomments&post=106525"}],"wp:featuredmedia":[{"embeddable":true,"href":"https:\/\/ifoffice.pt\/index.php?rest_route=\/wp\/v2\/media\/133068"}],"wp:attachment":[{"href":"https:\/\/ifoffice.pt\/index.php?rest_route=%2Fwp%2Fv2%2Fmedia&parent=106525"}],"wp:term":[{"taxonomy":"product_brand","embeddable":true,"href":"https:\/\/ifoffice.pt\/index.php?rest_route=%2Fwp%2Fv2%2Fproduct_brand&post=106525"},{"taxonomy":"product_cat","embeddable":true,"href":"https:\/\/ifoffice.pt\/index.php?rest_route=%2Fwp%2Fv2%2Fproduct_cat&post=106525"},{"taxonomy":"product_tag","embeddable":true,"href":"https:\/\/ifoffice.pt\/index.php?rest_route=%2Fwp%2Fv2%2Fproduct_tag&post=106525"}],"curies":[{"name":"wp","href":"https:\/\/api.w.org\/{rel}","templated":true}]}}