{"id":106522,"date":"2023-03-06T16:32:04","date_gmt":"2023-03-06T16:32:04","guid":{"rendered":"https:\/\/ifoffice.pt\/?post_type=product&#038;p=106522"},"modified":"2025-03-12T14:19:44","modified_gmt":"2025-03-12T14:19:44","slug":"166631","status":"publish","type":"product","link":"https:\/\/ifoffice.pt\/?product=166631","title":{"rendered":"Pen drive usb tech one tech ecotech biodegradavel 32 gb usb 3.2"},"content":{"rendered":"<p>Pen drive USB profissional. Biodegrad\u00e1vel. Fabricada com palha de trigo, exceto partes eletr\u00f3nicas. Interface USB 2.0. Compat\u00edvel com vers\u00f5es anteriores de USB. Velocidade m\u00ednima de escrita 18Mb\/s. Velocidade m\u00ednima de leitura garantida: 75 Mb\/s. Garantia: 3 anos. Medidas do produto 17 x 60 x 10 mm. Peso 8 g. A Pen Drive.<\/p>\n","protected":false},"excerpt":{"rendered":"<p>Pen drive USB profissional. Biodegrad\u00e1vel. Fabricada com palha de trigo, exceto partes eletr\u00f3nicas. Interface USB 2.0. Compat\u00edvel com vers\u00f5es anteriores de USB. Velocidade m\u00ednima de escrita 18Mb\/s. Velocidade m\u00ednima de leitura garantida: 75 Mb\/s. Garantia: 3 anos. Medidas do produto 17 x 60 x 10 mm. Peso 8 g. A Pen Drive.<\/p>\n","protected":false},"featured_media":112621,"comment_status":"open","ping_status":"closed","template":"","meta":{"neve_meta_sidebar":"","neve_meta_container":"","neve_meta_enable_content_width":"","neve_meta_content_width":0,"neve_meta_title_alignment":"","neve_meta_author_avatar":"","neve_post_elements_order":"","neve_meta_disable_header":"","neve_meta_disable_footer":"","neve_meta_disable_title":""},"product_brand":[],"product_cat":[2831],"product_tag":[2745],"class_list":{"0":"post-106522","1":"product","2":"type-product","3":"status-publish","4":"has-post-thumbnail","6":"product_cat-memorias-usbsddiscos-duros","7":"product_tag-memarias-usbsddiscos-duros","9":"first","10":"instock","11":"taxable","12":"shipping-taxable","13":"purchasable","14":"product-type-simple"},"_links":{"self":[{"href":"https:\/\/ifoffice.pt\/index.php?rest_route=\/wp\/v2\/product\/106522","targetHints":{"allow":["GET"]}}],"collection":[{"href":"https:\/\/ifoffice.pt\/index.php?rest_route=\/wp\/v2\/product"}],"about":[{"href":"https:\/\/ifoffice.pt\/index.php?rest_route=\/wp\/v2\/types\/product"}],"replies":[{"embeddable":true,"href":"https:\/\/ifoffice.pt\/index.php?rest_route=%2Fwp%2Fv2%2Fcomments&post=106522"}],"wp:featuredmedia":[{"embeddable":true,"href":"https:\/\/ifoffice.pt\/index.php?rest_route=\/wp\/v2\/media\/112621"}],"wp:attachment":[{"href":"https:\/\/ifoffice.pt\/index.php?rest_route=%2Fwp%2Fv2%2Fmedia&parent=106522"}],"wp:term":[{"taxonomy":"product_brand","embeddable":true,"href":"https:\/\/ifoffice.pt\/index.php?rest_route=%2Fwp%2Fv2%2Fproduct_brand&post=106522"},{"taxonomy":"product_cat","embeddable":true,"href":"https:\/\/ifoffice.pt\/index.php?rest_route=%2Fwp%2Fv2%2Fproduct_cat&post=106522"},{"taxonomy":"product_tag","embeddable":true,"href":"https:\/\/ifoffice.pt\/index.php?rest_route=%2Fwp%2Fv2%2Fproduct_tag&post=106522"}],"curies":[{"name":"wp","href":"https:\/\/api.w.org\/{rel}","templated":true}]}}