{"id":106461,"date":"2023-03-06T16:31:23","date_gmt":"2023-03-06T16:31:23","guid":{"rendered":"https:\/\/ifoffice.pt\/?post_type=product&#038;p=106461"},"modified":"2026-04-28T14:20:33","modified_gmt":"2026-04-28T14:20:33","slug":"166732","status":"publish","type":"product","link":"https:\/\/ifoffice.pt\/?product=166732","title":{"rendered":"Sapatos de seguranca deltaplus microfibra branco &#8211; MIAMI S2 SRC"},"content":{"rendered":"<p>Experimente a combina\u00e7\u00e3o perfeita de seguran\u00e7a, conforto e design com estes inovadores sapatos de seguran\u00e7a. S\u00e3o fabricados em microfibra com sola em PU monodensidade, ideais para ambientes de trabalho onde a prote\u00e7\u00e3o e o conforto s\u00e3o prioridades. A sua vers\u00e1til cor branca e o seu design ergon\u00f3mico garantem n\u00e3o s\u00f3 um aspecto profissional, mas tamb\u00e9m frescura e conforto durante longos dias de trabalho.<\/p>\n<ul>\n<li><strong>Material de fabrico:<\/strong>\u00a0Microfibra resistente, dur\u00e1vel e f\u00e1cil de limpar, que garante leveza e respirabilidade.<\/li>\n<li><strong>Sola:<\/strong>\u00a0Poliuretano de monodensidade (PU), conhecido pela sua excelente absor\u00e7\u00e3o de choques e resist\u00eancia a deslizamentos, abras\u00f5es, \u00f3leos e combust\u00edveis.<\/li>\n<li><strong>Cor e design:<\/strong>\u00a0Branco elegante, ideal para ind\u00fastrias onde a limpeza \u00e9 essencial, como a alimentar e a farmac\u00eautica.<\/li>\n<li><strong>Tamanho:<\/strong>\u00a035, garantindo um ajuste confort\u00e1vel e seguro ao utilizador.<\/li>\n<li><strong>Normas de seguran\u00e7a:<\/strong>\u00a0Embora n\u00e3o especificado, este tipo de cal\u00e7ado cumpre geralmente as normas europeias como a EN ISO 20345, oferecendo uma prote\u00e7\u00e3o certificada contra impactos e compress\u00e3o.<\/li>\n<\/ul>\n<p>Estes sapatos n\u00e3o s\u00f3 atendem \u00e0s exig\u00eancias de seguran\u00e7a no local de trabalho, como tamb\u00e9m s\u00e3o concebidos a pensar no conforto e na durabilidade. Ideal para quem procura cal\u00e7ado que ofere\u00e7a prote\u00e7\u00e3o sem comprometer o estilo e o conforto.<\/p>\n","protected":false},"excerpt":{"rendered":"<div>Ref. :\u00a0<span class=\"uppercase\">MIAMS0201<\/span><\/div>\n<div>[ Antiga refer\u00eancia: MIAMIS2 ]<\/div>\n","protected":false},"featured_media":143252,"comment_status":"open","ping_status":"closed","template":"","meta":{"neve_meta_sidebar":"","neve_meta_container":"","neve_meta_enable_content_width":"off","neve_meta_content_width":100,"neve_meta_title_alignment":"","neve_meta_author_avatar":"","neve_post_elements_order":"","neve_meta_disable_header":"","neve_meta_disable_footer":"","neve_meta_disable_title":""},"product_brand":[],"product_cat":[1791],"product_tag":[2949],"class_list":{"0":"post-106461","1":"product","2":"type-product","3":"status-publish","4":"has-post-thumbnail","6":"product_cat-prevencao","7":"product_tag-seguranca-epis","9":"first","10":"instock","11":"taxable","12":"shipping-taxable","13":"purchasable","14":"product-type-variable","15":"has-default-attributes"},"_links":{"self":[{"href":"https:\/\/ifoffice.pt\/index.php?rest_route=\/wp\/v2\/product\/106461","targetHints":{"allow":["GET"]}}],"collection":[{"href":"https:\/\/ifoffice.pt\/index.php?rest_route=\/wp\/v2\/product"}],"about":[{"href":"https:\/\/ifoffice.pt\/index.php?rest_route=\/wp\/v2\/types\/product"}],"replies":[{"embeddable":true,"href":"https:\/\/ifoffice.pt\/index.php?rest_route=%2Fwp%2Fv2%2Fcomments&post=106461"}],"wp:featuredmedia":[{"embeddable":true,"href":"https:\/\/ifoffice.pt\/index.php?rest_route=\/wp\/v2\/media\/143252"}],"wp:attachment":[{"href":"https:\/\/ifoffice.pt\/index.php?rest_route=%2Fwp%2Fv2%2Fmedia&parent=106461"}],"wp:term":[{"taxonomy":"product_brand","embeddable":true,"href":"https:\/\/ifoffice.pt\/index.php?rest_route=%2Fwp%2Fv2%2Fproduct_brand&post=106461"},{"taxonomy":"product_cat","embeddable":true,"href":"https:\/\/ifoffice.pt\/index.php?rest_route=%2Fwp%2Fv2%2Fproduct_cat&post=106461"},{"taxonomy":"product_tag","embeddable":true,"href":"https:\/\/ifoffice.pt\/index.php?rest_route=%2Fwp%2Fv2%2Fproduct_tag&post=106461"}],"curies":[{"name":"wp","href":"https:\/\/api.w.org\/{rel}","templated":true}]}}