{"id":106415,"date":"2023-03-06T16:31:01","date_gmt":"2023-03-06T16:31:01","guid":{"rendered":"https:\/\/ifoffice.pt\/?post_type=product&#038;p=106415"},"modified":"2026-02-23T12:53:19","modified_gmt":"2026-02-23T12:53:19","slug":"166785","status":"publish","type":"product","link":"https:\/\/ifoffice.pt\/?product=166785","title":{"rendered":"Pioneses lismania office cor azul claro caixa de 100 unidades"},"content":{"rendered":"<p>Pioneses de cabe\u00e7a plana revestidos de pl\u00e1stico. Di\u00e2metro da cabe\u00e7a: 9 mm. Comprimento: 8 mm. A caixa de 100 unidades.\u00a0<\/p>\n","protected":false},"excerpt":{"rendered":"<p>Pioneses lismania office cor azul claro caixa de 100 unidades<\/p>\n","protected":false},"featured_media":130647,"comment_status":"open","ping_status":"closed","template":"","meta":{"neve_meta_sidebar":"","neve_meta_container":"","neve_meta_enable_content_width":"","neve_meta_content_width":0,"neve_meta_title_alignment":"","neve_meta_author_avatar":"","neve_post_elements_order":"","neve_meta_disable_header":"","neve_meta_disable_footer":"","neve_meta_disable_title":""},"product_brand":[],"product_cat":[1907],"product_tag":[2678],"class_list":{"0":"post-106415","1":"product","2":"type-product","3":"status-publish","4":"has-post-thumbnail","6":"product_cat-clips-e-pioneses","7":"product_tag-clips-e-pioneses","9":"first","10":"instock","11":"taxable","12":"shipping-taxable","13":"purchasable","14":"product-type-simple"},"_links":{"self":[{"href":"https:\/\/ifoffice.pt\/index.php?rest_route=\/wp\/v2\/product\/106415","targetHints":{"allow":["GET"]}}],"collection":[{"href":"https:\/\/ifoffice.pt\/index.php?rest_route=\/wp\/v2\/product"}],"about":[{"href":"https:\/\/ifoffice.pt\/index.php?rest_route=\/wp\/v2\/types\/product"}],"replies":[{"embeddable":true,"href":"https:\/\/ifoffice.pt\/index.php?rest_route=%2Fwp%2Fv2%2Fcomments&post=106415"}],"wp:featuredmedia":[{"embeddable":true,"href":"https:\/\/ifoffice.pt\/index.php?rest_route=\/wp\/v2\/media\/130647"}],"wp:attachment":[{"href":"https:\/\/ifoffice.pt\/index.php?rest_route=%2Fwp%2Fv2%2Fmedia&parent=106415"}],"wp:term":[{"taxonomy":"product_brand","embeddable":true,"href":"https:\/\/ifoffice.pt\/index.php?rest_route=%2Fwp%2Fv2%2Fproduct_brand&post=106415"},{"taxonomy":"product_cat","embeddable":true,"href":"https:\/\/ifoffice.pt\/index.php?rest_route=%2Fwp%2Fv2%2Fproduct_cat&post=106415"},{"taxonomy":"product_tag","embeddable":true,"href":"https:\/\/ifoffice.pt\/index.php?rest_route=%2Fwp%2Fv2%2Fproduct_tag&post=106415"}],"curies":[{"name":"wp","href":"https:\/\/api.w.org\/{rel}","templated":true}]}}