{"id":106249,"date":"2023-03-06T16:29:04","date_gmt":"2023-03-06T16:29:04","guid":{"rendered":"https:\/\/ifoffice.pt\/?post_type=product&#038;p=106249"},"modified":"2025-03-12T12:11:07","modified_gmt":"2025-03-12T12:11:07","slug":"901193","status":"publish","type":"product","link":"https:\/\/ifoffice.pt\/?product=901193","title":{"rendered":"Cola loctite 3 gr adesiva instantanea gel gota a gota"},"content":{"rendered":"<p>Cola universal  instant\u00e2nea. Retific\u00e1vel em 10 segundos. Exclusivo Press Control System que permite uma dosifica\u00e7\u00e3o exata gota a gota. Recomendado para superf\u00edcies rugosas, permite cobrir todas as irregularidades que possam existir entre as superf\u00edcies a colar. Blister de 3g.<\/p>\n","protected":false},"excerpt":{"rendered":"<p>Cola loctite 3 gr adesiva instantanea gel gota a gota<\/p>\n","protected":false},"featured_media":112261,"comment_status":"open","ping_status":"closed","template":"","meta":{"neve_meta_sidebar":"","neve_meta_container":"","neve_meta_enable_content_width":"","neve_meta_content_width":0,"neve_meta_title_alignment":"","neve_meta_author_avatar":"","neve_post_elements_order":"","neve_meta_disable_header":"","neve_meta_disable_footer":"","neve_meta_disable_title":""},"product_brand":[],"product_cat":[1758],"product_tag":[2686],"class_list":{"0":"post-106249","1":"product","2":"type-product","3":"status-publish","4":"has-post-thumbnail","6":"product_cat-cola-em-tubo","7":"product_tag-cola-em-tubo","9":"first","10":"outofstock","11":"taxable","12":"shipping-taxable","13":"purchasable","14":"product-type-simple"},"_links":{"self":[{"href":"https:\/\/ifoffice.pt\/index.php?rest_route=\/wp\/v2\/product\/106249","targetHints":{"allow":["GET"]}}],"collection":[{"href":"https:\/\/ifoffice.pt\/index.php?rest_route=\/wp\/v2\/product"}],"about":[{"href":"https:\/\/ifoffice.pt\/index.php?rest_route=\/wp\/v2\/types\/product"}],"replies":[{"embeddable":true,"href":"https:\/\/ifoffice.pt\/index.php?rest_route=%2Fwp%2Fv2%2Fcomments&post=106249"}],"wp:featuredmedia":[{"embeddable":true,"href":"https:\/\/ifoffice.pt\/index.php?rest_route=\/wp\/v2\/media\/112261"}],"wp:attachment":[{"href":"https:\/\/ifoffice.pt\/index.php?rest_route=%2Fwp%2Fv2%2Fmedia&parent=106249"}],"wp:term":[{"taxonomy":"product_brand","embeddable":true,"href":"https:\/\/ifoffice.pt\/index.php?rest_route=%2Fwp%2Fv2%2Fproduct_brand&post=106249"},{"taxonomy":"product_cat","embeddable":true,"href":"https:\/\/ifoffice.pt\/index.php?rest_route=%2Fwp%2Fv2%2Fproduct_cat&post=106249"},{"taxonomy":"product_tag","embeddable":true,"href":"https:\/\/ifoffice.pt\/index.php?rest_route=%2Fwp%2Fv2%2Fproduct_tag&post=106249"}],"curies":[{"name":"wp","href":"https:\/\/api.w.org\/{rel}","templated":true}]}}