{"id":106112,"date":"2022-10-22T13:31:15","date_gmt":"2022-10-22T13:31:15","guid":{"rendered":"https:\/\/ifoffice.pt\/?post_type=product&#038;p=106112"},"modified":"2026-02-23T13:03:17","modified_gmt":"2026-02-23T13:03:17","slug":"destruidora-de-documentos-fellowes-lx-200","status":"publish","type":"product","link":"https:\/\/ifoffice.pt\/?product=destruidora-de-documentos-fellowes-lx-200","title":{"rendered":"Destruidora de documentos fellowes lx-200 capacidadee de corte 12 f seguranca p4 destroi agrafes e cartoes de credito ce"},"content":{"rendered":"<p>Destruidora f\u00e1cil de usar e de alta seguran\u00e7a. Microcorte de 4 x 12 mm. N\u00edvel de seguran\u00e7a P-4. Recomendada de 1 utilizador. Capacidade at\u00e9 12 folhas. Sistema patentado de barra de sinaliza\u00e7\u00e3o inteligente que mostra visualmente ao utilizador como a m\u00e1quina est\u00e1 a funcionar. 100% antiencravamento. Sistema SafeSense para evitar acidentes. Sinal de cesto cheio. Ciclo de trabalho de 10 minutos. Cesto remov\u00edvel de 23 litros de capacidade. Destr\u00f3i tamb\u00e9m agrafes, clips e cart\u00f5es de cr\u00e9dito. Medidas: 526 x 260 x 368 mm. Peso 12 kg. A destruidora.<\/p>\n","protected":false},"excerpt":{"rendered":"<p>Destruidora de documentos fellowes lx-200 capacidadee de corte 12 f seguranca p4 destroi agrafes e cartoes de credito ce<\/p>\n","protected":false},"featured_media":115775,"comment_status":"closed","ping_status":"closed","template":"","meta":{"neve_meta_sidebar":"","neve_meta_container":"","neve_meta_enable_content_width":"off","neve_meta_content_width":70,"neve_meta_title_alignment":"","neve_meta_author_avatar":"","neve_post_elements_order":"","neve_meta_disable_header":"","neve_meta_disable_footer":"","neve_meta_disable_title":""},"product_brand":[],"product_cat":[1829],"product_tag":[2677,1069],"class_list":{"0":"post-106112","1":"product","2":"type-product","3":"status-publish","4":"has-post-thumbnail","6":"product_cat-destruidoras","7":"product_tag-campanha-fellowes","8":"product_tag-destruidora","10":"first","11":"instock","12":"taxable","13":"shipping-taxable","14":"purchasable","15":"product-type-simple"},"_links":{"self":[{"href":"https:\/\/ifoffice.pt\/index.php?rest_route=\/wp\/v2\/product\/106112","targetHints":{"allow":["GET"]}}],"collection":[{"href":"https:\/\/ifoffice.pt\/index.php?rest_route=\/wp\/v2\/product"}],"about":[{"href":"https:\/\/ifoffice.pt\/index.php?rest_route=\/wp\/v2\/types\/product"}],"replies":[{"embeddable":true,"href":"https:\/\/ifoffice.pt\/index.php?rest_route=%2Fwp%2Fv2%2Fcomments&post=106112"}],"wp:featuredmedia":[{"embeddable":true,"href":"https:\/\/ifoffice.pt\/index.php?rest_route=\/wp\/v2\/media\/115775"}],"wp:attachment":[{"href":"https:\/\/ifoffice.pt\/index.php?rest_route=%2Fwp%2Fv2%2Fmedia&parent=106112"}],"wp:term":[{"taxonomy":"product_brand","embeddable":true,"href":"https:\/\/ifoffice.pt\/index.php?rest_route=%2Fwp%2Fv2%2Fproduct_brand&post=106112"},{"taxonomy":"product_cat","embeddable":true,"href":"https:\/\/ifoffice.pt\/index.php?rest_route=%2Fwp%2Fv2%2Fproduct_cat&post=106112"},{"taxonomy":"product_tag","embeddable":true,"href":"https:\/\/ifoffice.pt\/index.php?rest_route=%2Fwp%2Fv2%2Fproduct_tag&post=106112"}],"curies":[{"name":"wp","href":"https:\/\/api.w.org\/{rel}","templated":true}]}}