{"id":106065,"date":"2022-05-18T16:35:25","date_gmt":"2022-05-18T16:35:25","guid":{"rendered":"https:\/\/ifoffice.pt\/?post_type=product&#038;p=106065"},"modified":"2025-03-12T12:11:01","modified_gmt":"2025-03-12T12:11:01","slug":"purificador-de-ar-leitz-trusens-z-3000","status":"publish","type":"product","link":"https:\/\/ifoffice.pt\/?product=purificador-de-ar-leitz-trusens-z-3000","title":{"rendered":"Purificador de ar leitz trusens z-3000 com filtro hepa e luz ultravioleta 285x720x285 mm"},"content":{"rendered":"<p>Com a filtragem DuPont&#8217;, recolhe os poluentes e neutraliza os odores adaptando-se automaticamente \u00e0s altera\u00e7\u00f5es das condi\u00e7\u00f5es de qualidade do ar numa sala. 68 watts. N\u00edvel de ru\u00eddo 32 &#8211; 66 dB. Mudan\u00e7as de ar duas vezes por hora em 70 m2. Medidas: 285 x 720 x 285 mm. Peso: 5,7 kg.  O purificador de ar.<\/p>\n","protected":false},"excerpt":{"rendered":"<p>Purificador de ar leitz trusens z-3000 com filtro hepa e luz ultravioleta 285x720x285 mm<\/p>\n","protected":false},"featured_media":115767,"comment_status":"closed","ping_status":"closed","template":"","meta":{"neve_meta_sidebar":"","neve_meta_container":"","neve_meta_enable_content_width":"off","neve_meta_content_width":70,"neve_meta_title_alignment":"","neve_meta_author_avatar":"","neve_post_elements_order":"","neve_meta_disable_header":"","neve_meta_disable_footer":"","neve_meta_disable_title":""},"product_brand":[],"product_cat":[1830],"product_tag":[1012,1036],"class_list":{"0":"post-106065","1":"product","2":"type-product","3":"status-publish","4":"has-post-thumbnail","6":"product_cat-purificadores","7":"product_tag-covid","8":"product_tag-purificador-de-ar","10":"first","11":"outofstock","12":"taxable","13":"shipping-taxable","14":"purchasable","15":"product-type-simple"},"_links":{"self":[{"href":"https:\/\/ifoffice.pt\/index.php?rest_route=\/wp\/v2\/product\/106065","targetHints":{"allow":["GET"]}}],"collection":[{"href":"https:\/\/ifoffice.pt\/index.php?rest_route=\/wp\/v2\/product"}],"about":[{"href":"https:\/\/ifoffice.pt\/index.php?rest_route=\/wp\/v2\/types\/product"}],"replies":[{"embeddable":true,"href":"https:\/\/ifoffice.pt\/index.php?rest_route=%2Fwp%2Fv2%2Fcomments&post=106065"}],"wp:featuredmedia":[{"embeddable":true,"href":"https:\/\/ifoffice.pt\/index.php?rest_route=\/wp\/v2\/media\/115767"}],"wp:attachment":[{"href":"https:\/\/ifoffice.pt\/index.php?rest_route=%2Fwp%2Fv2%2Fmedia&parent=106065"}],"wp:term":[{"taxonomy":"product_brand","embeddable":true,"href":"https:\/\/ifoffice.pt\/index.php?rest_route=%2Fwp%2Fv2%2Fproduct_brand&post=106065"},{"taxonomy":"product_cat","embeddable":true,"href":"https:\/\/ifoffice.pt\/index.php?rest_route=%2Fwp%2Fv2%2Fproduct_cat&post=106065"},{"taxonomy":"product_tag","embeddable":true,"href":"https:\/\/ifoffice.pt\/index.php?rest_route=%2Fwp%2Fv2%2Fproduct_tag&post=106065"}],"curies":[{"name":"wp","href":"https:\/\/api.w.org\/{rel}","templated":true}]}}