{"id":106060,"date":"2022-05-17T09:25:02","date_gmt":"2022-05-17T09:25:02","guid":{"rendered":"https:\/\/ifoffice.pt\/?post_type=product&#038;p=106060"},"modified":"2025-03-12T12:11:00","modified_gmt":"2025-03-12T12:11:00","slug":"purificador-de-ar-leitz-trusens-z-2000","status":"publish","type":"product","link":"https:\/\/ifoffice.pt\/?product=purificador-de-ar-leitz-trusens-z-2000","title":{"rendered":"Purificador de ar leitz trusens z-2000"},"content":{"rendered":"<p>Com a filtragem <em>dupont<\/em>, recolhe os poluentes e neutraliza os odores adaptando-se automaticamente \u00e0s altera\u00e7\u00f5es das condi\u00e7\u00f5es de qualidade do ar numa sala. 28 watts. N\u00edvel de ru\u00eddo 33 &#8211; 64 db. Mudan\u00e7as de ar duas vezes por hora em 35 m2. Medidas: 230 x 560 x 230 mm. Peso: 4,1 kg.<\/p>\n","protected":false},"excerpt":{"rendered":"<p>Purificador de ar leitz trusens z-2000 com filtro hepa e luz ultravioleta 230x560x230 mm.<\/p>\n","protected":false},"featured_media":106061,"comment_status":"closed","ping_status":"closed","template":"","meta":{"neve_meta_sidebar":"","neve_meta_container":"","neve_meta_enable_content_width":"off","neve_meta_content_width":70,"neve_meta_title_alignment":"","neve_meta_author_avatar":"","neve_post_elements_order":"","neve_meta_disable_header":"","neve_meta_disable_footer":"","neve_meta_disable_title":""},"product_brand":[],"product_cat":[1830],"product_tag":[1012,1036],"class_list":{"0":"post-106060","1":"product","2":"type-product","3":"status-publish","4":"has-post-thumbnail","6":"product_cat-purificadores","7":"product_tag-covid","8":"product_tag-purificador-de-ar","10":"first","11":"outofstock","12":"taxable","13":"shipping-taxable","14":"purchasable","15":"product-type-simple"},"_links":{"self":[{"href":"https:\/\/ifoffice.pt\/index.php?rest_route=\/wp\/v2\/product\/106060","targetHints":{"allow":["GET"]}}],"collection":[{"href":"https:\/\/ifoffice.pt\/index.php?rest_route=\/wp\/v2\/product"}],"about":[{"href":"https:\/\/ifoffice.pt\/index.php?rest_route=\/wp\/v2\/types\/product"}],"replies":[{"embeddable":true,"href":"https:\/\/ifoffice.pt\/index.php?rest_route=%2Fwp%2Fv2%2Fcomments&post=106060"}],"wp:featuredmedia":[{"embeddable":true,"href":"https:\/\/ifoffice.pt\/index.php?rest_route=\/wp\/v2\/media\/106061"}],"wp:attachment":[{"href":"https:\/\/ifoffice.pt\/index.php?rest_route=%2Fwp%2Fv2%2Fmedia&parent=106060"}],"wp:term":[{"taxonomy":"product_brand","embeddable":true,"href":"https:\/\/ifoffice.pt\/index.php?rest_route=%2Fwp%2Fv2%2Fproduct_brand&post=106060"},{"taxonomy":"product_cat","embeddable":true,"href":"https:\/\/ifoffice.pt\/index.php?rest_route=%2Fwp%2Fv2%2Fproduct_cat&post=106060"},{"taxonomy":"product_tag","embeddable":true,"href":"https:\/\/ifoffice.pt\/index.php?rest_route=%2Fwp%2Fv2%2Fproduct_tag&post=106060"}],"curies":[{"name":"wp","href":"https:\/\/api.w.org\/{rel}","templated":true}]}}