{"id":106000,"date":"2022-04-11T09:15:49","date_gmt":"2022-04-11T09:15:49","guid":{"rendered":"https:\/\/ifoffice.pt\/?post_type=product&#038;p=106000"},"modified":"2026-02-23T12:58:15","modified_gmt":"2026-02-23T12:58:15","slug":"bolsa-plastico-auto-selada-q-connect-250x350-mm-pack-de-100-unidades","status":"publish","type":"product","link":"https:\/\/ifoffice.pt\/?product=bolsa-plastico-auto-selada-q-connect-250x350-mm-pack-de-100-unidades","title":{"rendered":"Bolsa plastico auto selada q-connect 250&#215;350 mm pack de 100 unidades"},"content":{"rendered":"<p>Bolsas fabricadas em pl\u00e1stico com sistema de auto selagem por press\u00e3o f\u00e1ceis de voltar a fechar. Cor transparente com uma linha vermelha e uma perfura\u00e7\u00e3o de 6 mm sobre o fecho. Ideal para armazenar pequenos artigos de escrit\u00f3rio ou mesmo alimentos. Espessura: 50 microns. Pack de 100 unidades.<\/p>\n","protected":false},"excerpt":{"rendered":"<p>Bolsa plastico auto selada q-connect 250&#215;350 mm pack de 100 unidades<\/p>\n","protected":false},"featured_media":114179,"comment_status":"closed","ping_status":"closed","template":"","meta":{"neve_meta_sidebar":"","neve_meta_container":"","neve_meta_enable_content_width":"off","neve_meta_content_width":70,"neve_meta_title_alignment":"","neve_meta_author_avatar":"","neve_post_elements_order":"","neve_meta_disable_header":"","neve_meta_disable_footer":"","neve_meta_disable_title":""},"product_brand":[],"product_cat":[1813],"product_tag":[967],"class_list":{"0":"post-106000","1":"product","2":"type-product","3":"status-publish","4":"has-post-thumbnail","6":"product_cat-sacos-de-plastico-e-papel","7":"product_tag-bolsas","9":"first","10":"instock","11":"taxable","12":"shipping-taxable","13":"purchasable","14":"product-type-simple"},"_links":{"self":[{"href":"https:\/\/ifoffice.pt\/index.php?rest_route=\/wp\/v2\/product\/106000","targetHints":{"allow":["GET"]}}],"collection":[{"href":"https:\/\/ifoffice.pt\/index.php?rest_route=\/wp\/v2\/product"}],"about":[{"href":"https:\/\/ifoffice.pt\/index.php?rest_route=\/wp\/v2\/types\/product"}],"replies":[{"embeddable":true,"href":"https:\/\/ifoffice.pt\/index.php?rest_route=%2Fwp%2Fv2%2Fcomments&post=106000"}],"wp:featuredmedia":[{"embeddable":true,"href":"https:\/\/ifoffice.pt\/index.php?rest_route=\/wp\/v2\/media\/114179"}],"wp:attachment":[{"href":"https:\/\/ifoffice.pt\/index.php?rest_route=%2Fwp%2Fv2%2Fmedia&parent=106000"}],"wp:term":[{"taxonomy":"product_brand","embeddable":true,"href":"https:\/\/ifoffice.pt\/index.php?rest_route=%2Fwp%2Fv2%2Fproduct_brand&post=106000"},{"taxonomy":"product_cat","embeddable":true,"href":"https:\/\/ifoffice.pt\/index.php?rest_route=%2Fwp%2Fv2%2Fproduct_cat&post=106000"},{"taxonomy":"product_tag","embeddable":true,"href":"https:\/\/ifoffice.pt\/index.php?rest_route=%2Fwp%2Fv2%2Fproduct_tag&post=106000"}],"curies":[{"name":"wp","href":"https:\/\/api.w.org\/{rel}","templated":true}]}}