{"id":105976,"date":"2022-04-08T14:58:49","date_gmt":"2022-04-08T14:58:49","guid":{"rendered":"https:\/\/ifoffice.pt\/?post_type=product&#038;p=105976"},"modified":"2025-03-12T12:10:51","modified_gmt":"2025-03-12T12:10:51","slug":"desenrolador-secretaria-q-connect-vermelho","status":"publish","type":"product","link":"https:\/\/ifoffice.pt\/?product=desenrolador-secretaria-q-connect-vermelho","title":{"rendered":"Desenrolador secretaria q-connect plastico para fitas de 33 mt cor vermelho 135x58x60 mm"},"content":{"rendered":"<p>Desenrolador fabricado em pl\u00e1stico. Para fitas at\u00e9 33 m. Com suporte para 2 esferogr\u00e1ficas. Base antideslizante. Ideal para uso em escrit\u00f3rio e estabelecimentos de com\u00e9rcio. N\u00e3o inclui fita. Medidas: 135 x 60 mm.<\/p>\n","protected":false},"excerpt":{"rendered":"<p>Desenrolador secretaria q-connect plastico para fitas de 33 mt cor vermelho 135x58x60 mm<\/p>\n","protected":false},"featured_media":114189,"comment_status":"closed","ping_status":"closed","template":"","meta":{"neve_meta_sidebar":"","neve_meta_container":"","neve_meta_enable_content_width":"off","neve_meta_content_width":70,"neve_meta_title_alignment":"","neve_meta_author_avatar":"","neve_post_elements_order":"","neve_meta_disable_header":"","neve_meta_disable_footer":"","neve_meta_disable_title":""},"product_brand":[],"product_cat":[1930],"product_tag":[],"class_list":{"0":"post-105976","1":"product","2":"type-product","3":"status-publish","4":"has-post-thumbnail","6":"product_cat-desenrolador-e-maq-fechar-saco","8":"first","9":"outofstock","10":"sale","11":"taxable","12":"shipping-taxable","13":"purchasable","14":"product-type-simple"},"_links":{"self":[{"href":"https:\/\/ifoffice.pt\/index.php?rest_route=\/wp\/v2\/product\/105976","targetHints":{"allow":["GET"]}}],"collection":[{"href":"https:\/\/ifoffice.pt\/index.php?rest_route=\/wp\/v2\/product"}],"about":[{"href":"https:\/\/ifoffice.pt\/index.php?rest_route=\/wp\/v2\/types\/product"}],"replies":[{"embeddable":true,"href":"https:\/\/ifoffice.pt\/index.php?rest_route=%2Fwp%2Fv2%2Fcomments&post=105976"}],"wp:featuredmedia":[{"embeddable":true,"href":"https:\/\/ifoffice.pt\/index.php?rest_route=\/wp\/v2\/media\/114189"}],"wp:attachment":[{"href":"https:\/\/ifoffice.pt\/index.php?rest_route=%2Fwp%2Fv2%2Fmedia&parent=105976"}],"wp:term":[{"taxonomy":"product_brand","embeddable":true,"href":"https:\/\/ifoffice.pt\/index.php?rest_route=%2Fwp%2Fv2%2Fproduct_brand&post=105976"},{"taxonomy":"product_cat","embeddable":true,"href":"https:\/\/ifoffice.pt\/index.php?rest_route=%2Fwp%2Fv2%2Fproduct_cat&post=105976"},{"taxonomy":"product_tag","embeddable":true,"href":"https:\/\/ifoffice.pt\/index.php?rest_route=%2Fwp%2Fv2%2Fproduct_tag&post=105976"}],"curies":[{"name":"wp","href":"https:\/\/api.w.org\/{rel}","templated":true}]}}