{"id":105956,"date":"2022-04-07T08:36:43","date_gmt":"2022-04-07T08:36:43","guid":{"rendered":"https:\/\/ifoffice.pt\/?post_type=product&#038;p=105956"},"modified":"2025-03-12T12:10:50","modified_gmt":"2025-03-12T12:10:50","slug":"rolo-toalhas-mao-azul-133mtsx234cm-2fls-picotado-3-rolo","status":"publish","type":"product","link":"https:\/\/ifoffice.pt\/?product=rolo-toalhas-mao-azul-133mtsx234cm-2fls-picotado-3-rolo","title":{"rendered":"Rolo Toalhas M\u00e3o Azul 133mtsx23,4cm 2Fls Picotado 3 Rolo"},"content":{"rendered":"<p>Multiusos &#8211; Resist\u00eancia e Absor\u00e7\u00e3o para todas as a\u00e7\u00f5es! \u00c9 daqueles que n\u00e3o engana: d\u00e1 para tudo.<\/p>\n<p>Qualquer que seja a necessidade, a gama apresenta elevada resist\u00eancia e otimiza\u00e7\u00e3o de consumos. Embalados unitariamente, Ambos tem uma gama de Multisusos pronta para todas as a\u00e7\u00f5es di\u00e1rias!<br \/>\nO nosso papel \u00e9 proveniente de recursos renov\u00e1veis e 100% celulose. Certificado e apto para contacto alimentar.<br \/>\nDa mat\u00e9ria-prima \u00e0 produ\u00e7\u00e3o o nosso papel percorre um caminho totalmente verde e sustent\u00e1vel, proveniente de florestas geridas de forma respons\u00e1vel (FSC\u0099).<\/p>\n<p>Papel<br \/>\nQualidade: Azul, 100% Fibra Virgem<br \/>\nN.\u00ba Folhas: 2<br \/>\nGramagem gr\/m2: 17.5<\/p>\n<p>Rolo<br \/>\nDiametro do rolo (mm): 250<br \/>\nDimens\u00e3o do servi\u00e7o (mm): 230 x 234<br \/>\nComprimento (mts): 133<br \/>\nN\u00ba Servi\u00e7os: 580<br \/>\nMandril (mm): 62.5<br \/>\nPeso Liquido (gr): 1092.546<\/p>\n<p>Pacote<br \/>\nN.\u00ba Rolos: 3<br \/>\nDimens\u00f5es (mm): 250 x 250 x 234<br \/>\nPeso Liquido (gr): 1092.546<\/p>\n","protected":false},"excerpt":{"rendered":"<p>Rolo Toalhas M\u00e3o Azul 133mtsx23,4cm 2Fls Picotado<\/p>\n","protected":false},"featured_media":105957,"comment_status":"closed","ping_status":"closed","template":"","meta":{"neve_meta_sidebar":"","neve_meta_container":"","neve_meta_enable_content_width":"off","neve_meta_content_width":70,"neve_meta_title_alignment":"","neve_meta_author_avatar":"","neve_post_elements_order":"","neve_meta_disable_header":"","neve_meta_disable_footer":"","neve_meta_disable_title":""},"product_brand":[],"product_cat":[1795],"product_tag":[984],"class_list":{"0":"post-105956","1":"product","2":"type-product","3":"status-publish","4":"has-post-thumbnail","6":"product_cat-toalhas-e-guardanapos-de-papel","7":"product_tag-papel-seca-maos","9":"first","10":"outofstock","11":"taxable","12":"shipping-taxable","13":"purchasable","14":"product-type-simple"},"_links":{"self":[{"href":"https:\/\/ifoffice.pt\/index.php?rest_route=\/wp\/v2\/product\/105956","targetHints":{"allow":["GET"]}}],"collection":[{"href":"https:\/\/ifoffice.pt\/index.php?rest_route=\/wp\/v2\/product"}],"about":[{"href":"https:\/\/ifoffice.pt\/index.php?rest_route=\/wp\/v2\/types\/product"}],"replies":[{"embeddable":true,"href":"https:\/\/ifoffice.pt\/index.php?rest_route=%2Fwp%2Fv2%2Fcomments&post=105956"}],"wp:featuredmedia":[{"embeddable":true,"href":"https:\/\/ifoffice.pt\/index.php?rest_route=\/wp\/v2\/media\/105957"}],"wp:attachment":[{"href":"https:\/\/ifoffice.pt\/index.php?rest_route=%2Fwp%2Fv2%2Fmedia&parent=105956"}],"wp:term":[{"taxonomy":"product_brand","embeddable":true,"href":"https:\/\/ifoffice.pt\/index.php?rest_route=%2Fwp%2Fv2%2Fproduct_brand&post=105956"},{"taxonomy":"product_cat","embeddable":true,"href":"https:\/\/ifoffice.pt\/index.php?rest_route=%2Fwp%2Fv2%2Fproduct_cat&post=105956"},{"taxonomy":"product_tag","embeddable":true,"href":"https:\/\/ifoffice.pt\/index.php?rest_route=%2Fwp%2Fv2%2Fproduct_tag&post=105956"}],"curies":[{"name":"wp","href":"https:\/\/api.w.org\/{rel}","templated":true}]}}