{"id":105689,"date":"2021-09-15T16:45:53","date_gmt":"2021-09-15T16:45:53","guid":{"rendered":"https:\/\/ifoffice.pt\/?post_type=product&#038;p=105689"},"modified":"2026-02-23T12:58:26","modified_gmt":"2026-02-23T12:58:26","slug":"pilhas-q-connect-tipo-botao-litio-cr2025","status":"publish","type":"product","link":"https:\/\/ifoffice.pt\/?product=pilhas-q-connect-tipo-botao-litio-cr2025","title":{"rendered":"Pilhas q-connect tipo botao litio cr2025 3v blister de 4 unidades"},"content":{"rendered":"<p>Pilha de \u00faltima tecnologia de l\u00edtio para um excelente rendimento. 3V. Livre de c\u00e1dmio e merc\u00fario. O blister de 4 pilhas.<\/p>\n","protected":false},"excerpt":{"rendered":"<p>Pilhas q-connect tipo botao litio cr2025 3v blister de 4 unidades<\/p>\n","protected":false},"featured_media":114243,"comment_status":"closed","ping_status":"closed","template":"","meta":{"neve_meta_sidebar":"","neve_meta_container":"","neve_meta_enable_content_width":"off","neve_meta_content_width":70,"neve_meta_title_alignment":"","neve_meta_author_avatar":"","neve_post_elements_order":"","neve_meta_disable_header":"","neve_meta_disable_footer":"","neve_meta_disable_title":""},"product_brand":[],"product_cat":[1851],"product_tag":[1105],"class_list":{"0":"post-105689","1":"product","2":"type-product","3":"status-publish","4":"has-post-thumbnail","6":"product_cat-pilhas-alcalinas-recarregaveis","7":"product_tag-pilhas","9":"first","10":"instock","11":"sale","12":"taxable","13":"shipping-taxable","14":"purchasable","15":"product-type-simple"},"_links":{"self":[{"href":"https:\/\/ifoffice.pt\/index.php?rest_route=\/wp\/v2\/product\/105689","targetHints":{"allow":["GET"]}}],"collection":[{"href":"https:\/\/ifoffice.pt\/index.php?rest_route=\/wp\/v2\/product"}],"about":[{"href":"https:\/\/ifoffice.pt\/index.php?rest_route=\/wp\/v2\/types\/product"}],"replies":[{"embeddable":true,"href":"https:\/\/ifoffice.pt\/index.php?rest_route=%2Fwp%2Fv2%2Fcomments&post=105689"}],"wp:featuredmedia":[{"embeddable":true,"href":"https:\/\/ifoffice.pt\/index.php?rest_route=\/wp\/v2\/media\/114243"}],"wp:attachment":[{"href":"https:\/\/ifoffice.pt\/index.php?rest_route=%2Fwp%2Fv2%2Fmedia&parent=105689"}],"wp:term":[{"taxonomy":"product_brand","embeddable":true,"href":"https:\/\/ifoffice.pt\/index.php?rest_route=%2Fwp%2Fv2%2Fproduct_brand&post=105689"},{"taxonomy":"product_cat","embeddable":true,"href":"https:\/\/ifoffice.pt\/index.php?rest_route=%2Fwp%2Fv2%2Fproduct_cat&post=105689"},{"taxonomy":"product_tag","embeddable":true,"href":"https:\/\/ifoffice.pt\/index.php?rest_route=%2Fwp%2Fv2%2Fproduct_tag&post=105689"}],"curies":[{"name":"wp","href":"https:\/\/api.w.org\/{rel}","templated":true}]}}