{"id":105687,"date":"2021-09-15T16:41:21","date_gmt":"2021-09-15T16:41:21","guid":{"rendered":"https:\/\/ifoffice.pt\/?post_type=product&#038;p=105687"},"modified":"2026-02-23T12:58:26","modified_gmt":"2026-02-23T12:58:26","slug":"pilhas-q-connect-tipo-botao-alcalina-ag13-lr44","status":"publish","type":"product","link":"https:\/\/ifoffice.pt\/?product=pilhas-q-connect-tipo-botao-alcalina-ag13-lr44","title":{"rendered":"Pilhas q-connect tipo botao alcalina lr1130 1.5v blister de 10 unidades"},"content":{"rendered":"<p>Pilha alcalina de \u00faltima tecnologia para um excelente rendimento. 72 Mah. 1,5V. Livre de c\u00e1dmio e merc\u00fario.<\/p>\n","protected":false},"excerpt":{"rendered":"<p>Pilhas q-connect tipo botao alcalina lr1130 1.5v blister de 10 unidades<\/p>\n","protected":false},"featured_media":114242,"comment_status":"closed","ping_status":"closed","template":"","meta":{"neve_meta_sidebar":"","neve_meta_container":"","neve_meta_enable_content_width":"off","neve_meta_content_width":70,"neve_meta_title_alignment":"","neve_meta_author_avatar":"","neve_post_elements_order":"","neve_meta_disable_header":"","neve_meta_disable_footer":"","neve_meta_disable_title":""},"product_brand":[],"product_cat":[1851],"product_tag":[1105],"class_list":{"0":"post-105687","1":"product","2":"type-product","3":"status-publish","4":"has-post-thumbnail","6":"product_cat-pilhas-alcalinas-recarregaveis","7":"product_tag-pilhas","9":"first","10":"instock","11":"taxable","12":"shipping-taxable","13":"purchasable","14":"product-type-simple"},"_links":{"self":[{"href":"https:\/\/ifoffice.pt\/index.php?rest_route=\/wp\/v2\/product\/105687","targetHints":{"allow":["GET"]}}],"collection":[{"href":"https:\/\/ifoffice.pt\/index.php?rest_route=\/wp\/v2\/product"}],"about":[{"href":"https:\/\/ifoffice.pt\/index.php?rest_route=\/wp\/v2\/types\/product"}],"replies":[{"embeddable":true,"href":"https:\/\/ifoffice.pt\/index.php?rest_route=%2Fwp%2Fv2%2Fcomments&post=105687"}],"wp:featuredmedia":[{"embeddable":true,"href":"https:\/\/ifoffice.pt\/index.php?rest_route=\/wp\/v2\/media\/114242"}],"wp:attachment":[{"href":"https:\/\/ifoffice.pt\/index.php?rest_route=%2Fwp%2Fv2%2Fmedia&parent=105687"}],"wp:term":[{"taxonomy":"product_brand","embeddable":true,"href":"https:\/\/ifoffice.pt\/index.php?rest_route=%2Fwp%2Fv2%2Fproduct_brand&post=105687"},{"taxonomy":"product_cat","embeddable":true,"href":"https:\/\/ifoffice.pt\/index.php?rest_route=%2Fwp%2Fv2%2Fproduct_cat&post=105687"},{"taxonomy":"product_tag","embeddable":true,"href":"https:\/\/ifoffice.pt\/index.php?rest_route=%2Fwp%2Fv2%2Fproduct_tag&post=105687"}],"curies":[{"name":"wp","href":"https:\/\/api.w.org\/{rel}","templated":true}]}}