{"id":105519,"date":"2021-09-02T10:48:03","date_gmt":"2021-09-02T10:48:03","guid":{"rendered":"https:\/\/ifoffice.pt\/?post_type=product&#038;p=105519"},"modified":"2025-03-12T14:31:03","modified_gmt":"2025-03-12T14:31:03","slug":"mochila-para-portatil-141-antartik-preto","status":"publish","type":"product","link":"https:\/\/ifoffice.pt\/?product=mochila-para-portatil-141-antartik-preto","title":{"rendered":"Mochila para portatil 14,1&#8243; antartik com pega e bolsos com fecho cor preto 310x160x410 mm"},"content":{"rendered":"<p>Mochila com 2 al\u00e7as acolchoadas e 1 bolso exterior. Pr\u00e1tica e resistente, compartimento principal espa\u00e7oso ideal para transportar o material escolar e artigos pessoais. Parte traseira acolchoada para maior conforto. Al\u00e7as ajust\u00e1veis acolchoadas. Bolso interior para prot\u00e1til de 14,1&#8243;. Medidas 310 x 160 x 410 mm.<\/p>\n","protected":false},"excerpt":{"rendered":"<p>Mochila para portatil 14,1&#8243; antartik com pega e bolsos com fecho cor azul c\u00e9u 310x160x410 mm.<\/p>\n","protected":false},"featured_media":114556,"comment_status":"closed","ping_status":"closed","template":"","meta":{"neve_meta_sidebar":"","neve_meta_container":"","neve_meta_enable_content_width":"off","neve_meta_content_width":70,"neve_meta_title_alignment":"","neve_meta_author_avatar":"","neve_post_elements_order":"","neve_meta_disable_header":"","neve_meta_disable_footer":"","neve_meta_disable_title":""},"product_brand":[],"product_cat":[2186],"product_tag":[2880],"class_list":{"0":"post-105519","1":"product","2":"type-product","3":"status-publish","4":"has-post-thumbnail","6":"product_cat-mochilas-escolares","7":"product_tag-escolar2023","9":"first","10":"instock","11":"sale","12":"taxable","13":"shipping-taxable","14":"purchasable","15":"product-type-simple"},"_links":{"self":[{"href":"https:\/\/ifoffice.pt\/index.php?rest_route=\/wp\/v2\/product\/105519","targetHints":{"allow":["GET"]}}],"collection":[{"href":"https:\/\/ifoffice.pt\/index.php?rest_route=\/wp\/v2\/product"}],"about":[{"href":"https:\/\/ifoffice.pt\/index.php?rest_route=\/wp\/v2\/types\/product"}],"replies":[{"embeddable":true,"href":"https:\/\/ifoffice.pt\/index.php?rest_route=%2Fwp%2Fv2%2Fcomments&post=105519"}],"wp:featuredmedia":[{"embeddable":true,"href":"https:\/\/ifoffice.pt\/index.php?rest_route=\/wp\/v2\/media\/114556"}],"wp:attachment":[{"href":"https:\/\/ifoffice.pt\/index.php?rest_route=%2Fwp%2Fv2%2Fmedia&parent=105519"}],"wp:term":[{"taxonomy":"product_brand","embeddable":true,"href":"https:\/\/ifoffice.pt\/index.php?rest_route=%2Fwp%2Fv2%2Fproduct_brand&post=105519"},{"taxonomy":"product_cat","embeddable":true,"href":"https:\/\/ifoffice.pt\/index.php?rest_route=%2Fwp%2Fv2%2Fproduct_cat&post=105519"},{"taxonomy":"product_tag","embeddable":true,"href":"https:\/\/ifoffice.pt\/index.php?rest_route=%2Fwp%2Fv2%2Fproduct_tag&post=105519"}],"curies":[{"name":"wp","href":"https:\/\/api.w.org\/{rel}","templated":true}]}}