{"id":105497,"date":"2021-08-26T10:05:44","date_gmt":"2021-08-26T10:05:44","guid":{"rendered":"https:\/\/ifoffice.pt\/?post_type=product&#038;p=105497"},"modified":"2025-03-12T12:10:19","modified_gmt":"2025-03-12T12:10:19","slug":"fato-protetor-clotheprotect","status":"publish","type":"product","link":"https:\/\/ifoffice.pt\/?product=fato-protetor-clotheprotect","title":{"rendered":"Fato protetor ClotheProtect. Tamanho L"},"content":{"rendered":"<p>Os fatos de prote\u00e7\u00e3o evitam qualquer contamina\u00e7\u00e3o derivadas de part\u00edculas (por exemplo, saliva, muco, got\u00edculas) por n\u00e3o deixarem entrar em contacto com o corpo do utilizador. Ajudam a proteger o utilizador contra a exposi\u00e7\u00e3o a sangue e\/ou flu\u00eddos corporais do doente ou do ambiente de trabalho.<\/p>\n<p>Fatos tipo macac\u00e3o descart\u00e1veis para prote\u00e7\u00e3o, em n\u00e3o tecido. Protegem todo o corpo. El\u00e1stico nos punhos, tornozelo, rosto e cintura. Fecho frontal zip com bloqueio autom\u00e1tico para maior prote\u00e7\u00e3o.<\/p>\n<p>Imperme\u00e1veis e repelentes a \u00e1gua. Pass\u00edveis de serem esterilizados.<\/p>\n","protected":false},"excerpt":{"rendered":"<p>Fato de Prote\u00e7\u00e3o Imperme\u00e1vel tam. L<\/p>\n","protected":false},"featured_media":105498,"comment_status":"closed","ping_status":"closed","template":"","meta":{"neve_meta_sidebar":"","neve_meta_container":"","neve_meta_enable_content_width":"off","neve_meta_content_width":70,"neve_meta_title_alignment":"","neve_meta_author_avatar":"","neve_post_elements_order":"","neve_meta_disable_header":"","neve_meta_disable_footer":"","neve_meta_disable_title":""},"product_brand":[],"product_cat":[1791],"product_tag":[1012,2161],"class_list":{"0":"post-105497","1":"product","2":"type-product","3":"status-publish","4":"has-post-thumbnail","6":"product_cat-prevencao","7":"product_tag-covid","8":"product_tag-fatos-protetores","10":"first","11":"outofstock","12":"taxable","13":"shipping-taxable","14":"purchasable","15":"product-type-simple"},"_links":{"self":[{"href":"https:\/\/ifoffice.pt\/index.php?rest_route=\/wp\/v2\/product\/105497","targetHints":{"allow":["GET"]}}],"collection":[{"href":"https:\/\/ifoffice.pt\/index.php?rest_route=\/wp\/v2\/product"}],"about":[{"href":"https:\/\/ifoffice.pt\/index.php?rest_route=\/wp\/v2\/types\/product"}],"replies":[{"embeddable":true,"href":"https:\/\/ifoffice.pt\/index.php?rest_route=%2Fwp%2Fv2%2Fcomments&post=105497"}],"wp:featuredmedia":[{"embeddable":true,"href":"https:\/\/ifoffice.pt\/index.php?rest_route=\/wp\/v2\/media\/105498"}],"wp:attachment":[{"href":"https:\/\/ifoffice.pt\/index.php?rest_route=%2Fwp%2Fv2%2Fmedia&parent=105497"}],"wp:term":[{"taxonomy":"product_brand","embeddable":true,"href":"https:\/\/ifoffice.pt\/index.php?rest_route=%2Fwp%2Fv2%2Fproduct_brand&post=105497"},{"taxonomy":"product_cat","embeddable":true,"href":"https:\/\/ifoffice.pt\/index.php?rest_route=%2Fwp%2Fv2%2Fproduct_cat&post=105497"},{"taxonomy":"product_tag","embeddable":true,"href":"https:\/\/ifoffice.pt\/index.php?rest_route=%2Fwp%2Fv2%2Fproduct_tag&post=105497"}],"curies":[{"name":"wp","href":"https:\/\/api.w.org\/{rel}","templated":true}]}}