{"id":105450,"date":"2021-08-18T14:19:47","date_gmt":"2021-08-18T14:19:47","guid":{"rendered":"https:\/\/ifoffice.pt\/?post_type=product&#038;p=105450"},"modified":"2025-03-12T12:10:17","modified_gmt":"2025-03-12T12:10:17","slug":"luvas-de-seguranca-exit-tamanho-10","status":"publish","type":"product","link":"https:\/\/ifoffice.pt\/?product=luvas-de-seguranca-exit-tamanho-10","title":{"rendered":"Luvas de seguran\u00e7a Exit. Tamanho 10"},"content":{"rendered":"<p>Camada de butadieno-acrilonitrila (nitrila) em um suporte tipo intertravamento 100% algod\u00e3o. Respir\u00e1vel de volta. Boa resist\u00eancia \u00e0 abras\u00e3o e ao rasgo. Ajuste perfeito ao contorno da m\u00e3o. Boa resist\u00eancia a \u00f3leos e gorduras. Acabamento de superf\u00edcie texturizado exclusivo para melhorar a ader\u00eancia em superficies molhadas e secas. Punho el\u00e1stico.<\/p>\n<p>Usos Recomendados: Fabrico de pe\u00e7as met\u00e1licas, montagem para ind\u00fastria automotiva, beneficiamento de pl\u00e1sticos, dep\u00f3sitos, manuten\u00e7\u00e3o, chapas met\u00e1licas, manuseio de pequenas pe\u00e7as.<\/p>\n","protected":false},"excerpt":{"rendered":"<p>Luvas de trabalho exit tamanho 10<\/p>\n","protected":false},"featured_media":105451,"comment_status":"closed","ping_status":"closed","template":"","meta":{"neve_meta_sidebar":"","neve_meta_container":"","neve_meta_enable_content_width":"off","neve_meta_content_width":70,"neve_meta_title_alignment":"","neve_meta_author_avatar":"","neve_post_elements_order":"","neve_meta_disable_header":"","neve_meta_disable_footer":"","neve_meta_disable_title":""},"product_brand":[],"product_cat":[1791],"product_tag":[2671],"class_list":{"0":"post-105450","1":"product","2":"type-product","3":"status-publish","4":"has-post-thumbnail","6":"product_cat-prevencao","7":"product_tag-luvas-seguranca","9":"first","10":"outofstock","11":"taxable","12":"shipping-taxable","13":"purchasable","14":"product-type-simple"},"_links":{"self":[{"href":"https:\/\/ifoffice.pt\/index.php?rest_route=\/wp\/v2\/product\/105450","targetHints":{"allow":["GET"]}}],"collection":[{"href":"https:\/\/ifoffice.pt\/index.php?rest_route=\/wp\/v2\/product"}],"about":[{"href":"https:\/\/ifoffice.pt\/index.php?rest_route=\/wp\/v2\/types\/product"}],"replies":[{"embeddable":true,"href":"https:\/\/ifoffice.pt\/index.php?rest_route=%2Fwp%2Fv2%2Fcomments&post=105450"}],"wp:featuredmedia":[{"embeddable":true,"href":"https:\/\/ifoffice.pt\/index.php?rest_route=\/wp\/v2\/media\/105451"}],"wp:attachment":[{"href":"https:\/\/ifoffice.pt\/index.php?rest_route=%2Fwp%2Fv2%2Fmedia&parent=105450"}],"wp:term":[{"taxonomy":"product_brand","embeddable":true,"href":"https:\/\/ifoffice.pt\/index.php?rest_route=%2Fwp%2Fv2%2Fproduct_brand&post=105450"},{"taxonomy":"product_cat","embeddable":true,"href":"https:\/\/ifoffice.pt\/index.php?rest_route=%2Fwp%2Fv2%2Fproduct_cat&post=105450"},{"taxonomy":"product_tag","embeddable":true,"href":"https:\/\/ifoffice.pt\/index.php?rest_route=%2Fwp%2Fv2%2Fproduct_tag&post=105450"}],"curies":[{"name":"wp","href":"https:\/\/api.w.org\/{rel}","templated":true}]}}