{"id":105430,"date":"2021-08-18T13:37:01","date_gmt":"2021-08-18T13:37:01","guid":{"rendered":"https:\/\/ifoffice.pt\/?post_type=product&#038;p=105430"},"modified":"2025-03-12T12:10:15","modified_gmt":"2025-03-12T12:10:15","slug":"luvas-de-seguranca-supercontact-n-tamanho-10","status":"publish","type":"product","link":"https:\/\/ifoffice.pt\/?product=luvas-de-seguranca-supercontact-n-tamanho-10","title":{"rendered":"Luvas de seguran\u00e7a Supercontact N. Tamanho 10"},"content":{"rendered":"<p>Muito boa resist\u00eancia \u00e0 abras\u00e3o e ao rasgo. Design ergon\u00f4mico que facilita sua alta destreza. Descoberto nas costas para facilitar a respira\u00e7\u00e3o da m\u00e3o.<\/p>\n<p>Usos recomendados: Eletr\u00f4nica e ind\u00fastria automotiva. Manuseio e montagem de pequenos componentes. Trabalho h\u00famido e seco sem risco de corte.<\/p>\n","protected":false},"excerpt":{"rendered":"<p>Luvas de trabalho supercontact n tamanho 10<\/p>\n","protected":false},"featured_media":105431,"comment_status":"closed","ping_status":"closed","template":"","meta":{"neve_meta_sidebar":"","neve_meta_container":"","neve_meta_enable_content_width":"off","neve_meta_content_width":70,"neve_meta_title_alignment":"","neve_meta_author_avatar":"","neve_post_elements_order":"","neve_meta_disable_header":"","neve_meta_disable_footer":"","neve_meta_disable_title":""},"product_brand":[],"product_cat":[1791],"product_tag":[2671],"class_list":{"0":"post-105430","1":"product","2":"type-product","3":"status-publish","4":"has-post-thumbnail","6":"product_cat-prevencao","7":"product_tag-luvas-seguranca","9":"first","10":"outofstock","11":"taxable","12":"shipping-taxable","13":"purchasable","14":"product-type-simple"},"_links":{"self":[{"href":"https:\/\/ifoffice.pt\/index.php?rest_route=\/wp\/v2\/product\/105430","targetHints":{"allow":["GET"]}}],"collection":[{"href":"https:\/\/ifoffice.pt\/index.php?rest_route=\/wp\/v2\/product"}],"about":[{"href":"https:\/\/ifoffice.pt\/index.php?rest_route=\/wp\/v2\/types\/product"}],"replies":[{"embeddable":true,"href":"https:\/\/ifoffice.pt\/index.php?rest_route=%2Fwp%2Fv2%2Fcomments&post=105430"}],"wp:featuredmedia":[{"embeddable":true,"href":"https:\/\/ifoffice.pt\/index.php?rest_route=\/wp\/v2\/media\/105431"}],"wp:attachment":[{"href":"https:\/\/ifoffice.pt\/index.php?rest_route=%2Fwp%2Fv2%2Fmedia&parent=105430"}],"wp:term":[{"taxonomy":"product_brand","embeddable":true,"href":"https:\/\/ifoffice.pt\/index.php?rest_route=%2Fwp%2Fv2%2Fproduct_brand&post=105430"},{"taxonomy":"product_cat","embeddable":true,"href":"https:\/\/ifoffice.pt\/index.php?rest_route=%2Fwp%2Fv2%2Fproduct_cat&post=105430"},{"taxonomy":"product_tag","embeddable":true,"href":"https:\/\/ifoffice.pt\/index.php?rest_route=%2Fwp%2Fv2%2Fproduct_tag&post=105430"}],"curies":[{"name":"wp","href":"https:\/\/api.w.org\/{rel}","templated":true}]}}