{"id":105412,"date":"2021-08-18T13:20:05","date_gmt":"2021-08-18T13:20:05","guid":{"rendered":"https:\/\/ifoffice.pt\/?post_type=product&#038;p=105412"},"modified":"2025-03-12T12:10:13","modified_gmt":"2025-03-12T12:10:13","slug":"luvas-de-seguranca-ecofoam-tamanho-6","status":"publish","type":"product","link":"https:\/\/ifoffice.pt\/?product=luvas-de-seguranca-ecofoam-tamanho-6","title":{"rendered":"Luvas de seguran\u00e7a Ecofoam. Tamanho 6"},"content":{"rendered":"<p>Suporte sem costuras fabricado em poliester. Extra flexiv\u00e9l. Ajusta perfeitamente \u00e0 m\u00e3o e oferece excelente desteridade aos dedos. Revestimento de espuma de nitrila na palma e unhas para uma melhor ader\u00eancia em ambientes h\u00famidos.<\/p>\n<p>Usos recomendados: Luva de uso geral em trabalhos sem risco de corte, controle de qualidade, ind\u00fastria automotiva, manuten\u00e7\u00e3o, montagens el\u00e9tricas.<\/p>\n","protected":false},"excerpt":{"rendered":"<p>Luvas de trabalho ecofoam tamanho 6<\/p>\n","protected":false},"featured_media":105413,"comment_status":"closed","ping_status":"closed","template":"","meta":{"neve_meta_sidebar":"","neve_meta_container":"","neve_meta_enable_content_width":"off","neve_meta_content_width":70,"neve_meta_title_alignment":"","neve_meta_author_avatar":"","neve_post_elements_order":"","neve_meta_disable_header":"","neve_meta_disable_footer":"","neve_meta_disable_title":""},"product_brand":[],"product_cat":[1791],"product_tag":[2671],"class_list":{"0":"post-105412","1":"product","2":"type-product","3":"status-publish","4":"has-post-thumbnail","6":"product_cat-prevencao","7":"product_tag-luvas-seguranca","9":"first","10":"outofstock","11":"taxable","12":"shipping-taxable","13":"purchasable","14":"product-type-simple"},"_links":{"self":[{"href":"https:\/\/ifoffice.pt\/index.php?rest_route=\/wp\/v2\/product\/105412","targetHints":{"allow":["GET"]}}],"collection":[{"href":"https:\/\/ifoffice.pt\/index.php?rest_route=\/wp\/v2\/product"}],"about":[{"href":"https:\/\/ifoffice.pt\/index.php?rest_route=\/wp\/v2\/types\/product"}],"replies":[{"embeddable":true,"href":"https:\/\/ifoffice.pt\/index.php?rest_route=%2Fwp%2Fv2%2Fcomments&post=105412"}],"wp:featuredmedia":[{"embeddable":true,"href":"https:\/\/ifoffice.pt\/index.php?rest_route=\/wp\/v2\/media\/105413"}],"wp:attachment":[{"href":"https:\/\/ifoffice.pt\/index.php?rest_route=%2Fwp%2Fv2%2Fmedia&parent=105412"}],"wp:term":[{"taxonomy":"product_brand","embeddable":true,"href":"https:\/\/ifoffice.pt\/index.php?rest_route=%2Fwp%2Fv2%2Fproduct_brand&post=105412"},{"taxonomy":"product_cat","embeddable":true,"href":"https:\/\/ifoffice.pt\/index.php?rest_route=%2Fwp%2Fv2%2Fproduct_cat&post=105412"},{"taxonomy":"product_tag","embeddable":true,"href":"https:\/\/ifoffice.pt\/index.php?rest_route=%2Fwp%2Fv2%2Fproduct_tag&post=105412"}],"curies":[{"name":"wp","href":"https:\/\/api.w.org\/{rel}","templated":true}]}}