{"id":105399,"date":"2021-08-18T11:55:26","date_gmt":"2021-08-18T11:55:26","guid":{"rendered":"https:\/\/ifoffice.pt\/?post_type=product&#038;p=105399"},"modified":"2025-03-12T12:10:13","modified_gmt":"2025-03-12T12:10:13","slug":"luvas-de-seguranca-master-nc-tamanho-11","status":"publish","type":"product","link":"https:\/\/ifoffice.pt\/?product=luvas-de-seguranca-master-nc-tamanho-11","title":{"rendered":"Luvas de seguran\u00e7a Master NC. Tamanho 11"},"content":{"rendered":"<p>Couro de vaca de cor natural e espessura de 0,7 mm a 0,8 mm. Ajuste el\u00e1stico no pulso e punho canelado.<\/p>\n<p>Usos recomendados: Controle de qualidade em processos industriais, motoristas de ve\u00edculos e em todos os tipos de trabalhos semelhantes onde \u00e9 necess\u00e1ria habilidade m\u00e9dia e n\u00e3o h\u00e1 risco de corte.<\/p>\n","protected":false},"excerpt":{"rendered":"<p>Luvas de trabalho master nc tamanho 11<\/p>\n","protected":false},"featured_media":105400,"comment_status":"closed","ping_status":"closed","template":"","meta":{"neve_meta_sidebar":"","neve_meta_container":"","neve_meta_enable_content_width":"off","neve_meta_content_width":70,"neve_meta_title_alignment":"","neve_meta_author_avatar":"","neve_post_elements_order":"","neve_meta_disable_header":"","neve_meta_disable_footer":"","neve_meta_disable_title":""},"product_brand":[],"product_cat":[1791],"product_tag":[2671],"class_list":{"0":"post-105399","1":"product","2":"type-product","3":"status-publish","4":"has-post-thumbnail","6":"product_cat-prevencao","7":"product_tag-luvas-seguranca","9":"first","10":"outofstock","11":"taxable","12":"shipping-taxable","13":"purchasable","14":"product-type-simple"},"_links":{"self":[{"href":"https:\/\/ifoffice.pt\/index.php?rest_route=\/wp\/v2\/product\/105399","targetHints":{"allow":["GET"]}}],"collection":[{"href":"https:\/\/ifoffice.pt\/index.php?rest_route=\/wp\/v2\/product"}],"about":[{"href":"https:\/\/ifoffice.pt\/index.php?rest_route=\/wp\/v2\/types\/product"}],"replies":[{"embeddable":true,"href":"https:\/\/ifoffice.pt\/index.php?rest_route=%2Fwp%2Fv2%2Fcomments&post=105399"}],"wp:featuredmedia":[{"embeddable":true,"href":"https:\/\/ifoffice.pt\/index.php?rest_route=\/wp\/v2\/media\/105400"}],"wp:attachment":[{"href":"https:\/\/ifoffice.pt\/index.php?rest_route=%2Fwp%2Fv2%2Fmedia&parent=105399"}],"wp:term":[{"taxonomy":"product_brand","embeddable":true,"href":"https:\/\/ifoffice.pt\/index.php?rest_route=%2Fwp%2Fv2%2Fproduct_brand&post=105399"},{"taxonomy":"product_cat","embeddable":true,"href":"https:\/\/ifoffice.pt\/index.php?rest_route=%2Fwp%2Fv2%2Fproduct_cat&post=105399"},{"taxonomy":"product_tag","embeddable":true,"href":"https:\/\/ifoffice.pt\/index.php?rest_route=%2Fwp%2Fv2%2Fproduct_tag&post=105399"}],"curies":[{"name":"wp","href":"https:\/\/api.w.org\/{rel}","templated":true}]}}