{"id":105383,"date":"2021-08-18T09:18:14","date_gmt":"2021-08-18T09:18:14","guid":{"rendered":"https:\/\/ifoffice.pt\/?post_type=product&#038;p=105383"},"modified":"2025-03-12T12:10:11","modified_gmt":"2025-03-12T12:10:11","slug":"luvas-de-seguranca-ecolatex-tamanho-8","status":"publish","type":"product","link":"https:\/\/ifoffice.pt\/?product=luvas-de-seguranca-ecolatex-tamanho-8","title":{"rendered":"Luvas de seguran\u00e7a Ecolatex. Tamanho 8"},"content":{"rendered":"<p>Luva com suporte sem costuras de poli\u00e9ster vermelho. Revestimento em l\u00e1tex natural \u00e1spero de cor preta Boa resist\u00eancia \u00e0 abras\u00e3o e ao rasgo. Extremamente flex\u00edvel. Ajuste perfeito \u00e0 m\u00e3o e excelente desteridade com dedos anat\u00f4micos. Totalmente descoberto nas costas para ventila\u00e7\u00e3o m\u00e1xima. Excelente secura, sensibilidade e ader\u00eancia em superficies molhadas e secas.<\/p>\n<p>Usos recomendados: Todos os tipos de aplica\u00e7\u00f5es onde um alto n\u00edvel de sensibilidade e desteridade \u00e9 necess\u00e1ria sem o risco de corte. Manuseio de pequenas pe\u00e7as e componentes, montagem geral, usinagem, constru\u00e7\u00e3o, microengenharia, instrumenta\u00e7\u00e3o e elementos de precis\u00e3o.<\/p>\n","protected":false},"excerpt":{"rendered":"<p>Luvas de trabalho ecolatex tamanho 8<\/p>\n","protected":false},"featured_media":105384,"comment_status":"closed","ping_status":"closed","template":"","meta":{"neve_meta_sidebar":"","neve_meta_container":"","neve_meta_enable_content_width":"off","neve_meta_content_width":70,"neve_meta_title_alignment":"","neve_meta_author_avatar":"","neve_post_elements_order":"","neve_meta_disable_header":"","neve_meta_disable_footer":"","neve_meta_disable_title":""},"product_brand":[],"product_cat":[1791],"product_tag":[2671],"class_list":{"0":"post-105383","1":"product","2":"type-product","3":"status-publish","4":"has-post-thumbnail","6":"product_cat-prevencao","7":"product_tag-luvas-seguranca","9":"first","10":"outofstock","11":"taxable","12":"shipping-taxable","13":"purchasable","14":"product-type-simple"},"_links":{"self":[{"href":"https:\/\/ifoffice.pt\/index.php?rest_route=\/wp\/v2\/product\/105383","targetHints":{"allow":["GET"]}}],"collection":[{"href":"https:\/\/ifoffice.pt\/index.php?rest_route=\/wp\/v2\/product"}],"about":[{"href":"https:\/\/ifoffice.pt\/index.php?rest_route=\/wp\/v2\/types\/product"}],"replies":[{"embeddable":true,"href":"https:\/\/ifoffice.pt\/index.php?rest_route=%2Fwp%2Fv2%2Fcomments&post=105383"}],"wp:featuredmedia":[{"embeddable":true,"href":"https:\/\/ifoffice.pt\/index.php?rest_route=\/wp\/v2\/media\/105384"}],"wp:attachment":[{"href":"https:\/\/ifoffice.pt\/index.php?rest_route=%2Fwp%2Fv2%2Fmedia&parent=105383"}],"wp:term":[{"taxonomy":"product_brand","embeddable":true,"href":"https:\/\/ifoffice.pt\/index.php?rest_route=%2Fwp%2Fv2%2Fproduct_brand&post=105383"},{"taxonomy":"product_cat","embeddable":true,"href":"https:\/\/ifoffice.pt\/index.php?rest_route=%2Fwp%2Fv2%2Fproduct_cat&post=105383"},{"taxonomy":"product_tag","embeddable":true,"href":"https:\/\/ifoffice.pt\/index.php?rest_route=%2Fwp%2Fv2%2Fproduct_tag&post=105383"}],"curies":[{"name":"wp","href":"https:\/\/api.w.org\/{rel}","templated":true}]}}