{"id":105325,"date":"2021-08-13T08:54:32","date_gmt":"2021-08-13T08:54:32","guid":{"rendered":"https:\/\/ifoffice.pt\/?post_type=product&#038;p=105325"},"modified":"2026-02-23T12:58:04","modified_gmt":"2026-02-23T12:58:04","slug":"suporte-fellowes-hylyft-para-portatil","status":"publish","type":"product","link":"https:\/\/ifoffice.pt\/?product=suporte-fellowes-hylyft-para-portatil","title":{"rendered":"Suporte fellowes hylyft para portatil dobravel aluminio ajustavel 6 alturas"},"content":{"rendered":"<p>Suporte para port\u00e1til fabricado em alum\u00ednio, eleva o ecr\u00e3 do port\u00e1til \u00e0 altura adequada reduzindo a tens\u00e3o no pesco\u00e7o, bra\u00e7os e olhos. Design minimalista e leve, fabricado em alum\u00ednio hylite. Dobra-se completamente. Com bolsa de armazenamento que se pode usar como tapete de rato. Ajust\u00e1vel a 6 alturas. Plataforma recortada que permite que o port\u00e1til esteja ventilado e que todas as portas estejam acess\u00edveis. Medidas: 23,8 x 60 x 24,6 mm.<\/p>\n","protected":false},"excerpt":{"rendered":"<p>Suporte fellowes hylyft para portatil dobravel aluminio ajustavel 6 alturas<\/p>\n","protected":false},"featured_media":114107,"comment_status":"closed","ping_status":"closed","template":"","meta":{"neve_meta_sidebar":"","neve_meta_container":"","neve_meta_enable_content_width":"off","neve_meta_content_width":70,"neve_meta_title_alignment":"","neve_meta_author_avatar":"","neve_post_elements_order":"","neve_meta_disable_header":"","neve_meta_disable_footer":"","neve_meta_disable_title":""},"product_brand":[],"product_cat":[1808],"product_tag":[1181],"class_list":{"0":"post-105325","1":"product","2":"type-product","3":"status-publish","4":"has-post-thumbnail","6":"product_cat-ergonomia","7":"product_tag-bracos-e-suportes","9":"first","10":"instock","11":"taxable","12":"shipping-taxable","13":"purchasable","14":"product-type-simple"},"_links":{"self":[{"href":"https:\/\/ifoffice.pt\/index.php?rest_route=\/wp\/v2\/product\/105325","targetHints":{"allow":["GET"]}}],"collection":[{"href":"https:\/\/ifoffice.pt\/index.php?rest_route=\/wp\/v2\/product"}],"about":[{"href":"https:\/\/ifoffice.pt\/index.php?rest_route=\/wp\/v2\/types\/product"}],"replies":[{"embeddable":true,"href":"https:\/\/ifoffice.pt\/index.php?rest_route=%2Fwp%2Fv2%2Fcomments&post=105325"}],"wp:featuredmedia":[{"embeddable":true,"href":"https:\/\/ifoffice.pt\/index.php?rest_route=\/wp\/v2\/media\/114107"}],"wp:attachment":[{"href":"https:\/\/ifoffice.pt\/index.php?rest_route=%2Fwp%2Fv2%2Fmedia&parent=105325"}],"wp:term":[{"taxonomy":"product_brand","embeddable":true,"href":"https:\/\/ifoffice.pt\/index.php?rest_route=%2Fwp%2Fv2%2Fproduct_brand&post=105325"},{"taxonomy":"product_cat","embeddable":true,"href":"https:\/\/ifoffice.pt\/index.php?rest_route=%2Fwp%2Fv2%2Fproduct_cat&post=105325"},{"taxonomy":"product_tag","embeddable":true,"href":"https:\/\/ifoffice.pt\/index.php?rest_route=%2Fwp%2Fv2%2Fproduct_tag&post=105325"}],"curies":[{"name":"wp","href":"https:\/\/api.w.org\/{rel}","templated":true}]}}