{"id":105239,"date":"2021-07-19T08:29:53","date_gmt":"2021-07-19T08:29:53","guid":{"rendered":"https:\/\/ifoffice.pt\/?post_type=product&#038;p=105239"},"modified":"2025-03-12T12:10:04","modified_gmt":"2025-03-12T12:10:04","slug":"recarga-elegance-para-difusor-vijusa-magic-air-pack-6-unidades","status":"publish","type":"product","link":"https:\/\/ifoffice.pt\/?product=recarga-elegance-para-difusor-vijusa-magic-air-pack-6-unidades","title":{"rendered":"Recarga Elegance para Difusor Vijusa Magic Air. Pack 6 unidades"},"content":{"rendered":"<p>Elegance 500 ml, \u00e9 um ambientador sofisticado com aroma oriental.<\/p>\n<p>O seu uso \u00e9 recomendado para quaisquer espa\u00e7os comuns fechados como: casas de banho, sal\u00f5es, restaurantes, casas de jogos, caf\u00e9s, pubs, clubes, discotecas, etc. e cobre \u00e1reas de at\u00e9 600 m2.<\/p>\n<p>Estes purificadores de ar profissionais s\u00e3o usados \u200b\u200bapenas com a ajuda de um distribuidor digital Magic-Air, que \u00e9 adquirido separadamente e apenas uma vez.<\/p>\n<p>O fato do produto poder ser dosado automaticamente, torna-o pr\u00e1tico, confort\u00e1vel e rent\u00e1vel.<\/p>\n<p>A higiene e o cheiro agrad\u00e1vel destes espa\u00e7os n\u00e3o s\u00e3o modismos, mas sim uma necessidade. Esses aspectos afetam positiva ou negativamente a imagem que os clientes t\u00eam daquele local.<\/p>\n<p>Este ambientador \u00e9 um produto profissional, desenhado para deixar para tr\u00e1s aquela primeira impress\u00e3o, o que importa.<\/p>\n<p>Antes de usar, consulte atentamente a ficha t\u00e9cnica e de seguran\u00e7a do produto.<\/p>\n","protected":false},"excerpt":{"rendered":"<p>Recarga elegance 500ml para vijusa magic air<\/p>\n","protected":false},"featured_media":105240,"comment_status":"closed","ping_status":"closed","template":"","meta":{"neve_meta_sidebar":"","neve_meta_container":"","neve_meta_enable_content_width":"off","neve_meta_content_width":0,"neve_meta_title_alignment":"","neve_meta_author_avatar":"","neve_post_elements_order":"","neve_meta_disable_header":"","neve_meta_disable_footer":"","neve_meta_disable_title":""},"product_brand":[],"product_cat":[1792],"product_tag":[1270,2667,791],"class_list":{"0":"post-105239","1":"product","2":"type-product","3":"status-publish","4":"has-post-thumbnail","6":"product_cat-produtos-de-limpeza","7":"product_tag-ambientador-electrico","8":"product_tag-magic-air","9":"product_tag-recarga","11":"first","12":"outofstock","13":"taxable","14":"shipping-taxable","15":"purchasable","16":"product-type-simple"},"_links":{"self":[{"href":"https:\/\/ifoffice.pt\/index.php?rest_route=\/wp\/v2\/product\/105239","targetHints":{"allow":["GET"]}}],"collection":[{"href":"https:\/\/ifoffice.pt\/index.php?rest_route=\/wp\/v2\/product"}],"about":[{"href":"https:\/\/ifoffice.pt\/index.php?rest_route=\/wp\/v2\/types\/product"}],"replies":[{"embeddable":true,"href":"https:\/\/ifoffice.pt\/index.php?rest_route=%2Fwp%2Fv2%2Fcomments&post=105239"}],"wp:featuredmedia":[{"embeddable":true,"href":"https:\/\/ifoffice.pt\/index.php?rest_route=\/wp\/v2\/media\/105240"}],"wp:attachment":[{"href":"https:\/\/ifoffice.pt\/index.php?rest_route=%2Fwp%2Fv2%2Fmedia&parent=105239"}],"wp:term":[{"taxonomy":"product_brand","embeddable":true,"href":"https:\/\/ifoffice.pt\/index.php?rest_route=%2Fwp%2Fv2%2Fproduct_brand&post=105239"},{"taxonomy":"product_cat","embeddable":true,"href":"https:\/\/ifoffice.pt\/index.php?rest_route=%2Fwp%2Fv2%2Fproduct_cat&post=105239"},{"taxonomy":"product_tag","embeddable":true,"href":"https:\/\/ifoffice.pt\/index.php?rest_route=%2Fwp%2Fv2%2Fproduct_tag&post=105239"}],"curies":[{"name":"wp","href":"https:\/\/api.w.org\/{rel}","templated":true}]}}