{"id":105230,"date":"2021-07-15T13:13:10","date_gmt":"2021-07-15T13:13:10","guid":{"rendered":"https:\/\/ifoffice.pt\/?post_type=product&#038;p=105230"},"modified":"2026-04-17T16:55:35","modified_gmt":"2026-04-17T16:55:35","slug":"alcool-etilico-sanitario-96","status":"publish","type":"product","link":"https:\/\/ifoffice.pt\/?product=alcool-etilico-sanitario-96","title":{"rendered":"\u00c1lcool Et\u00edlico Sanit\u00e1rio 96%"},"content":{"rendered":"<p>\u00c1lcool et\u00edlico, antis\u00e9ptico com volume de 96%.<\/p>\n<p>Ideal para limpeza e tratamento de ferimentos.<\/p>\n<p>O \u00e1lcool et\u00edlico (etanol) \u00e9 considerado um anti-s\u00e9ptico e desinfetante de n\u00edvel interm\u00e9dio.<\/p>\n<p>Frasco de 250ml.<\/p>\n","protected":false},"excerpt":{"rendered":"<p>\u00c1lcool et\u00edlico, antis\u00e9ptico com volume de 96%.<\/p>\n","protected":false},"featured_media":105231,"comment_status":"closed","ping_status":"closed","template":"","meta":{"neve_meta_sidebar":"","neve_meta_container":"","neve_meta_enable_content_width":"off","neve_meta_content_width":100,"neve_meta_title_alignment":"","neve_meta_author_avatar":"","neve_post_elements_order":"","neve_meta_disable_header":"","neve_meta_disable_footer":"","neve_meta_disable_title":""},"product_brand":[],"product_cat":[1791],"product_tag":[1012,1016],"class_list":{"0":"post-105230","1":"product","2":"type-product","3":"status-publish","4":"has-post-thumbnail","6":"product_cat-prevencao","7":"product_tag-covid","8":"product_tag-gel","10":"first","11":"instock","12":"featured","13":"taxable","14":"shipping-taxable","15":"purchasable","16":"product-type-simple"},"_links":{"self":[{"href":"https:\/\/ifoffice.pt\/index.php?rest_route=\/wp\/v2\/product\/105230","targetHints":{"allow":["GET"]}}],"collection":[{"href":"https:\/\/ifoffice.pt\/index.php?rest_route=\/wp\/v2\/product"}],"about":[{"href":"https:\/\/ifoffice.pt\/index.php?rest_route=\/wp\/v2\/types\/product"}],"replies":[{"embeddable":true,"href":"https:\/\/ifoffice.pt\/index.php?rest_route=%2Fwp%2Fv2%2Fcomments&post=105230"}],"wp:featuredmedia":[{"embeddable":true,"href":"https:\/\/ifoffice.pt\/index.php?rest_route=\/wp\/v2\/media\/105231"}],"wp:attachment":[{"href":"https:\/\/ifoffice.pt\/index.php?rest_route=%2Fwp%2Fv2%2Fmedia&parent=105230"}],"wp:term":[{"taxonomy":"product_brand","embeddable":true,"href":"https:\/\/ifoffice.pt\/index.php?rest_route=%2Fwp%2Fv2%2Fproduct_brand&post=105230"},{"taxonomy":"product_cat","embeddable":true,"href":"https:\/\/ifoffice.pt\/index.php?rest_route=%2Fwp%2Fv2%2Fproduct_cat&post=105230"},{"taxonomy":"product_tag","embeddable":true,"href":"https:\/\/ifoffice.pt\/index.php?rest_route=%2Fwp%2Fv2%2Fproduct_tag&post=105230"}],"curies":[{"name":"wp","href":"https:\/\/api.w.org\/{rel}","templated":true}]}}