{"id":105143,"date":"2021-06-30T09:16:41","date_gmt":"2021-06-30T09:16:41","guid":{"rendered":"https:\/\/ifoffice.pt\/?post_type=product&#038;p=105143"},"modified":"2025-03-12T12:09:59","modified_gmt":"2025-03-12T12:09:59","slug":"auricular-trust-reno-headset","status":"publish","type":"product","link":"https:\/\/ifoffice.pt\/?product=auricular-trust-reno-headset","title":{"rendered":"Auricular trust reno headset para pc e laptop comp. cabo 1,8 m com microfone conexao jack 3.5 mm cor preto"},"content":{"rendered":"<p>Auriculares com controlo para o volume incorporado no cabo e microfone ajust\u00e1vel. Pode utilizar-se em todos os PC e computadores port\u00e1teis. Ideais para sess\u00f5es de jogo online, ouvir m\u00fasica e utilizar aplica\u00e7\u00f5es com voz como Skype. Com banda ajust\u00e1vel para a cabeza e almofadas suaves com apari\u00eancia de couro. Microfone de alta sensibilidade que oferece uma qualidade de voz n\u00edtida. Inclui: auriculares, cabo adaptador e manual do utilizador.<\/p>\n","protected":false},"excerpt":{"rendered":"<p>Auricular trust reno headset para pc e laptop comp. Cabo 1,8 m com microfone conexao jack 3.5 mm cor preto.<\/p>\n","protected":false},"featured_media":114165,"comment_status":"closed","ping_status":"closed","template":"","meta":{"neve_meta_sidebar":"","neve_meta_container":"","neve_meta_enable_content_width":"off","neve_meta_content_width":100,"neve_meta_title_alignment":"","neve_meta_author_avatar":"","neve_post_elements_order":"","neve_meta_disable_header":"","neve_meta_disable_footer":"","neve_meta_disable_title":""},"product_brand":[],"product_cat":[1805],"product_tag":[937],"class_list":{"0":"post-105143","1":"product","2":"type-product","3":"status-publish","4":"has-post-thumbnail","6":"product_cat-colunas-microfones-webcam","7":"product_tag-auriculares","9":"first","10":"outofstock","11":"taxable","12":"shipping-taxable","13":"purchasable","14":"product-type-simple"},"_links":{"self":[{"href":"https:\/\/ifoffice.pt\/index.php?rest_route=\/wp\/v2\/product\/105143","targetHints":{"allow":["GET"]}}],"collection":[{"href":"https:\/\/ifoffice.pt\/index.php?rest_route=\/wp\/v2\/product"}],"about":[{"href":"https:\/\/ifoffice.pt\/index.php?rest_route=\/wp\/v2\/types\/product"}],"replies":[{"embeddable":true,"href":"https:\/\/ifoffice.pt\/index.php?rest_route=%2Fwp%2Fv2%2Fcomments&post=105143"}],"wp:featuredmedia":[{"embeddable":true,"href":"https:\/\/ifoffice.pt\/index.php?rest_route=\/wp\/v2\/media\/114165"}],"wp:attachment":[{"href":"https:\/\/ifoffice.pt\/index.php?rest_route=%2Fwp%2Fv2%2Fmedia&parent=105143"}],"wp:term":[{"taxonomy":"product_brand","embeddable":true,"href":"https:\/\/ifoffice.pt\/index.php?rest_route=%2Fwp%2Fv2%2Fproduct_brand&post=105143"},{"taxonomy":"product_cat","embeddable":true,"href":"https:\/\/ifoffice.pt\/index.php?rest_route=%2Fwp%2Fv2%2Fproduct_cat&post=105143"},{"taxonomy":"product_tag","embeddable":true,"href":"https:\/\/ifoffice.pt\/index.php?rest_route=%2Fwp%2Fv2%2Fproduct_tag&post=105143"}],"curies":[{"name":"wp","href":"https:\/\/api.w.org\/{rel}","templated":true}]}}