{"id":104986,"date":"2021-05-10T08:53:33","date_gmt":"2021-05-10T08:53:33","guid":{"rendered":"https:\/\/ifoffice.pt\/?post_type=product&#038;p=104986"},"modified":"2026-02-23T12:58:35","modified_gmt":"2026-02-23T12:58:35","slug":"destruidora-de-documentos-rexel-optimum-auto-100x-eu","status":"publish","type":"product","link":"https:\/\/ifoffice.pt\/?product=destruidora-de-documentos-rexel-optimum-auto-100x-eu","title":{"rendered":"Destruidora de documentos rexel optimum auto+ 100x eu capacidade 100 folhas particulas destroi agrafes clips e cartoes"},"content":{"rendered":"<p>Destruidora de alimenta\u00e7\u00e3o autom\u00e1tica. Destr\u00f3i at\u00e9 100 folhas de papel DIN A4 (80 g\/m\u00b2) em part\u00edculas de 4 x 28 mm. Trituradora de escrit\u00f3rio sofisticada, com um cesto amov\u00edvel de 34 litros. N\u00e3o \u00e9 necess\u00e1rio alimentar manualmente o papel, nem retirar agrafes e clips do papel. Destr\u00f3i cart\u00f5es de cr\u00e9dito, agrafes e clips. 20 minutos de funcionamento cont\u00ednuo. Medidas: 365 x 530 x 430 mm. Peso: 12 kg.<\/p>\n","protected":false},"excerpt":{"rendered":"<p>Destruidora de documentos rexel optimum auto+ 100x eu capacidade 100 folhas particulas destroi agrafes clips e cartoes<\/p>\n","protected":false},"featured_media":133082,"comment_status":"closed","ping_status":"closed","template":"","meta":{"neve_meta_sidebar":"","neve_meta_container":"","neve_meta_enable_content_width":"off","neve_meta_content_width":0,"neve_meta_title_alignment":"","neve_meta_author_avatar":"","neve_post_elements_order":"","neve_meta_disable_header":"","neve_meta_disable_footer":"","neve_meta_disable_title":""},"product_brand":[],"product_cat":[1829],"product_tag":[1069],"class_list":{"0":"post-104986","1":"product","2":"type-product","3":"status-publish","4":"has-post-thumbnail","6":"product_cat-destruidoras","7":"product_tag-destruidora","9":"first","10":"instock","11":"taxable","12":"shipping-taxable","13":"purchasable","14":"product-type-simple"},"_links":{"self":[{"href":"https:\/\/ifoffice.pt\/index.php?rest_route=\/wp\/v2\/product\/104986","targetHints":{"allow":["GET"]}}],"collection":[{"href":"https:\/\/ifoffice.pt\/index.php?rest_route=\/wp\/v2\/product"}],"about":[{"href":"https:\/\/ifoffice.pt\/index.php?rest_route=\/wp\/v2\/types\/product"}],"replies":[{"embeddable":true,"href":"https:\/\/ifoffice.pt\/index.php?rest_route=%2Fwp%2Fv2%2Fcomments&post=104986"}],"wp:featuredmedia":[{"embeddable":true,"href":"https:\/\/ifoffice.pt\/index.php?rest_route=\/wp\/v2\/media\/133082"}],"wp:attachment":[{"href":"https:\/\/ifoffice.pt\/index.php?rest_route=%2Fwp%2Fv2%2Fmedia&parent=104986"}],"wp:term":[{"taxonomy":"product_brand","embeddable":true,"href":"https:\/\/ifoffice.pt\/index.php?rest_route=%2Fwp%2Fv2%2Fproduct_brand&post=104986"},{"taxonomy":"product_cat","embeddable":true,"href":"https:\/\/ifoffice.pt\/index.php?rest_route=%2Fwp%2Fv2%2Fproduct_cat&post=104986"},{"taxonomy":"product_tag","embeddable":true,"href":"https:\/\/ifoffice.pt\/index.php?rest_route=%2Fwp%2Fv2%2Fproduct_tag&post=104986"}],"curies":[{"name":"wp","href":"https:\/\/api.w.org\/{rel}","templated":true}]}}