{"id":104980,"date":"2021-05-10T08:43:38","date_gmt":"2021-05-10T08:43:38","guid":{"rendered":"https:\/\/ifoffice.pt\/?post_type=product&#038;p=104980"},"modified":"2026-02-23T12:58:35","modified_gmt":"2026-02-23T12:58:35","slug":"destruidora-de-documentos-rexel-promax-qs-rsx1035","status":"publish","type":"product","link":"https:\/\/ifoffice.pt\/?product=destruidora-de-documentos-rexel-promax-qs-rsx1035","title":{"rendered":"Destruidora de documentos rexel promax qs rsx1035 capacidade 10 folhas particulas destroi agrafes clips e cartoes"},"content":{"rendered":"<p>Capacidade de corte: 10 folhas. Corte em part\u00edculas de 4 x 40 mm. Nivel de seguran\u00e7a P-4, com um cesto de 35 l com capacidade para 460 folhas DIN A4. Ciclo de trabalho de 15 minutos. Destr\u00f3i agrafes, clips e cart\u00f5es de cr\u00e9dito. Medidas: 345 x 560 x 245 mm. Peso: 6,5 kg.<\/p>\n","protected":false},"excerpt":{"rendered":"<p>Destruidora de documentos rexel promax qs rsx1035 capacidade 10 folhas particulas destroi agrafes clips e cartoes<\/p>\n","protected":false},"featured_media":114310,"comment_status":"closed","ping_status":"closed","template":"","meta":{"neve_meta_sidebar":"","neve_meta_container":"","neve_meta_enable_content_width":"off","neve_meta_content_width":0,"neve_meta_title_alignment":"","neve_meta_author_avatar":"","neve_post_elements_order":"","neve_meta_disable_header":"","neve_meta_disable_footer":"","neve_meta_disable_title":""},"product_brand":[],"product_cat":[1829],"product_tag":[1069],"class_list":{"0":"post-104980","1":"product","2":"type-product","3":"status-publish","4":"has-post-thumbnail","6":"product_cat-destruidoras","7":"product_tag-destruidora","9":"first","10":"outofstock","11":"taxable","12":"shipping-taxable","13":"purchasable","14":"product-type-simple"},"_links":{"self":[{"href":"https:\/\/ifoffice.pt\/index.php?rest_route=\/wp\/v2\/product\/104980","targetHints":{"allow":["GET"]}}],"collection":[{"href":"https:\/\/ifoffice.pt\/index.php?rest_route=\/wp\/v2\/product"}],"about":[{"href":"https:\/\/ifoffice.pt\/index.php?rest_route=\/wp\/v2\/types\/product"}],"replies":[{"embeddable":true,"href":"https:\/\/ifoffice.pt\/index.php?rest_route=%2Fwp%2Fv2%2Fcomments&post=104980"}],"wp:featuredmedia":[{"embeddable":true,"href":"https:\/\/ifoffice.pt\/index.php?rest_route=\/wp\/v2\/media\/114310"}],"wp:attachment":[{"href":"https:\/\/ifoffice.pt\/index.php?rest_route=%2Fwp%2Fv2%2Fmedia&parent=104980"}],"wp:term":[{"taxonomy":"product_brand","embeddable":true,"href":"https:\/\/ifoffice.pt\/index.php?rest_route=%2Fwp%2Fv2%2Fproduct_brand&post=104980"},{"taxonomy":"product_cat","embeddable":true,"href":"https:\/\/ifoffice.pt\/index.php?rest_route=%2Fwp%2Fv2%2Fproduct_cat&post=104980"},{"taxonomy":"product_tag","embeddable":true,"href":"https:\/\/ifoffice.pt\/index.php?rest_route=%2Fwp%2Fv2%2Fproduct_tag&post=104980"}],"curies":[{"name":"wp","href":"https:\/\/api.w.org\/{rel}","templated":true}]}}