{"id":104978,"date":"2021-05-10T08:40:32","date_gmt":"2021-05-10T08:40:32","guid":{"rendered":"https:\/\/ifoffice.pt\/?post_type=product&#038;p=104978"},"modified":"2026-02-23T12:58:34","modified_gmt":"2026-02-23T12:58:34","slug":"destruidora-de-documentos-rexel-secure-mc4","status":"publish","type":"product","link":"https:\/\/ifoffice.pt\/?product=destruidora-de-documentos-rexel-secure-mc4","title":{"rendered":"Destruidora de documentos rexel secure mc4 capacidade 4 folhas micro corte destroi agrafes e clips"},"content":{"rendered":"<p>Capacidade de corte: 4 folhas de cada vez. Microcorte em part\u00edculas de 2 x 15 mm. Nivel de seguran\u00e7a P-5. Destr\u00f3i agrafes e clips. 6 minutos de funcionamento cont\u00ednuo. Cesto de 14 litros. Cor preto. Medidas: 195 x 310 x 350 mm. Peso: 4,8 kg.<\/p>\n","protected":false},"excerpt":{"rendered":"<p>Destruidora de documentos rexel secure mc4 capacidade 4 folhas micro corte destroi agrafes e clips<\/p>\n","protected":false},"featured_media":114308,"comment_status":"closed","ping_status":"closed","template":"","meta":{"neve_meta_sidebar":"","neve_meta_container":"","neve_meta_enable_content_width":"off","neve_meta_content_width":0,"neve_meta_title_alignment":"","neve_meta_author_avatar":"","neve_post_elements_order":"","neve_meta_disable_header":"","neve_meta_disable_footer":"","neve_meta_disable_title":""},"product_brand":[],"product_cat":[1829],"product_tag":[1069],"class_list":{"0":"post-104978","1":"product","2":"type-product","3":"status-publish","4":"has-post-thumbnail","6":"product_cat-destruidoras","7":"product_tag-destruidora","9":"first","10":"instock","11":"taxable","12":"shipping-taxable","13":"purchasable","14":"product-type-simple"},"_links":{"self":[{"href":"https:\/\/ifoffice.pt\/index.php?rest_route=\/wp\/v2\/product\/104978","targetHints":{"allow":["GET"]}}],"collection":[{"href":"https:\/\/ifoffice.pt\/index.php?rest_route=\/wp\/v2\/product"}],"about":[{"href":"https:\/\/ifoffice.pt\/index.php?rest_route=\/wp\/v2\/types\/product"}],"replies":[{"embeddable":true,"href":"https:\/\/ifoffice.pt\/index.php?rest_route=%2Fwp%2Fv2%2Fcomments&post=104978"}],"wp:featuredmedia":[{"embeddable":true,"href":"https:\/\/ifoffice.pt\/index.php?rest_route=\/wp\/v2\/media\/114308"}],"wp:attachment":[{"href":"https:\/\/ifoffice.pt\/index.php?rest_route=%2Fwp%2Fv2%2Fmedia&parent=104978"}],"wp:term":[{"taxonomy":"product_brand","embeddable":true,"href":"https:\/\/ifoffice.pt\/index.php?rest_route=%2Fwp%2Fv2%2Fproduct_brand&post=104978"},{"taxonomy":"product_cat","embeddable":true,"href":"https:\/\/ifoffice.pt\/index.php?rest_route=%2Fwp%2Fv2%2Fproduct_cat&post=104978"},{"taxonomy":"product_tag","embeddable":true,"href":"https:\/\/ifoffice.pt\/index.php?rest_route=%2Fwp%2Fv2%2Fproduct_tag&post=104978"}],"curies":[{"name":"wp","href":"https:\/\/api.w.org\/{rel}","templated":true}]}}