{"id":104970,"date":"2021-05-10T08:18:32","date_gmt":"2021-05-10T08:18:32","guid":{"rendered":"https:\/\/ifoffice.pt\/?post_type=product&#038;p=104970"},"modified":"2025-03-12T12:09:47","modified_gmt":"2025-03-12T12:09:47","slug":"destruidora-de-documentos-rexel-mercury-rlx20","status":"publish","type":"product","link":"https:\/\/ifoffice.pt\/?product=destruidora-de-documentos-rexel-mercury-rlx20","title":{"rendered":"Destruidora de documentos Rexel Mercury rlx20"},"content":{"rendered":"<p>Destruidora de documentos rexel anti obstru\u00e7\u00e3o mercury rlx20 capacidade 20 folhas cruzado destroi agrafes clips cart\u00f5es.<\/p>\n","protected":false},"excerpt":{"rendered":"<p>Destruidora de documentos rexel anti-obstrucao mercury rlx20 capacidade 20 folhas cruzado destroi agrafes clips cartoes.<\/p>\n","protected":false},"featured_media":104971,"comment_status":"closed","ping_status":"closed","template":"","meta":{"neve_meta_sidebar":"","neve_meta_container":"","neve_meta_enable_content_width":"off","neve_meta_content_width":0,"neve_meta_title_alignment":"","neve_meta_author_avatar":"","neve_post_elements_order":"","neve_meta_disable_header":"","neve_meta_disable_footer":"","neve_meta_disable_title":""},"product_brand":[],"product_cat":[1829],"product_tag":[1069],"class_list":{"0":"post-104970","1":"product","2":"type-product","3":"status-publish","4":"has-post-thumbnail","6":"product_cat-destruidoras","7":"product_tag-destruidora","9":"first","10":"outofstock","11":"taxable","12":"shipping-taxable","13":"purchasable","14":"product-type-simple"},"_links":{"self":[{"href":"https:\/\/ifoffice.pt\/index.php?rest_route=\/wp\/v2\/product\/104970","targetHints":{"allow":["GET"]}}],"collection":[{"href":"https:\/\/ifoffice.pt\/index.php?rest_route=\/wp\/v2\/product"}],"about":[{"href":"https:\/\/ifoffice.pt\/index.php?rest_route=\/wp\/v2\/types\/product"}],"replies":[{"embeddable":true,"href":"https:\/\/ifoffice.pt\/index.php?rest_route=%2Fwp%2Fv2%2Fcomments&post=104970"}],"wp:featuredmedia":[{"embeddable":true,"href":"https:\/\/ifoffice.pt\/index.php?rest_route=\/wp\/v2\/media\/104971"}],"wp:attachment":[{"href":"https:\/\/ifoffice.pt\/index.php?rest_route=%2Fwp%2Fv2%2Fmedia&parent=104970"}],"wp:term":[{"taxonomy":"product_brand","embeddable":true,"href":"https:\/\/ifoffice.pt\/index.php?rest_route=%2Fwp%2Fv2%2Fproduct_brand&post=104970"},{"taxonomy":"product_cat","embeddable":true,"href":"https:\/\/ifoffice.pt\/index.php?rest_route=%2Fwp%2Fv2%2Fproduct_cat&post=104970"},{"taxonomy":"product_tag","embeddable":true,"href":"https:\/\/ifoffice.pt\/index.php?rest_route=%2Fwp%2Fv2%2Fproduct_tag&post=104970"}],"curies":[{"name":"wp","href":"https:\/\/api.w.org\/{rel}","templated":true}]}}