{"id":104903,"date":"2021-05-03T15:11:27","date_gmt":"2021-05-03T15:11:27","guid":{"rendered":"https:\/\/ifoffice.pt\/?post_type=product&#038;p=104903"},"modified":"2025-03-12T12:09:37","modified_gmt":"2025-03-12T12:09:37","slug":"rato-otico-pro-fit-sem-fios-mini-usb-24ghz","status":"publish","type":"product","link":"https:\/\/ifoffice.pt\/?product=rato-otico-pro-fit-sem-fios-mini-usb-24ghz","title":{"rendered":"Rato kensington optico pro fit sem fios mini usb 2,4 ghz vermelho"},"content":{"rendered":"<p>O seu design ergon\u00f3mico para a m\u00e3o direita \u00e9 c\u00f3modo inclusive quando se trabalham muitas horas. Incorpora um nanorecetor de 2,4 GHz que reduz as interfer\u00eancias em ambientes de escrit\u00f3rio lotados. Sensor \u00f3tico de alta defini\u00e7\u00e3o (PPP: 800\/1200\/1600) para um controlo efetivo. Dura\u00e7\u00e3o prolongada das pilhas at\u00e9 12 meses. 2 pilhas AAA inclu\u00eddas. O recetor \u00e9 t\u00e3o pequeno que se pode deixar no computador ou guardar no compartimento de armazenamento integrado do pr\u00f3prio pro fit. \u00c9 suficientemente grande para ser confort\u00e1vel na m\u00e3o mas tamb\u00e9m suficientemente pequeno para transportar numa bolsa de viagem.<\/p>\n","protected":false},"excerpt":{"rendered":"<p>Rato kensington optico pro fit sem fios mini usb 2,4 ghz vermelho<\/p>\n","protected":false},"featured_media":114480,"comment_status":"closed","ping_status":"closed","template":"","meta":{"neve_meta_sidebar":"","neve_meta_container":"","neve_meta_enable_content_width":"off","neve_meta_content_width":0,"neve_meta_title_alignment":"","neve_meta_author_avatar":"","neve_post_elements_order":"","neve_meta_disable_header":"","neve_meta_disable_footer":"","neve_meta_disable_title":""},"product_brand":[],"product_cat":[1918],"product_tag":[1335],"class_list":{"0":"post-104903","1":"product","2":"type-product","3":"status-publish","4":"has-post-thumbnail","6":"product_cat-teclados-ratos","7":"product_tag-ratos","9":"first","10":"outofstock","11":"taxable","12":"shipping-taxable","13":"purchasable","14":"product-type-simple"},"_links":{"self":[{"href":"https:\/\/ifoffice.pt\/index.php?rest_route=\/wp\/v2\/product\/104903","targetHints":{"allow":["GET"]}}],"collection":[{"href":"https:\/\/ifoffice.pt\/index.php?rest_route=\/wp\/v2\/product"}],"about":[{"href":"https:\/\/ifoffice.pt\/index.php?rest_route=\/wp\/v2\/types\/product"}],"replies":[{"embeddable":true,"href":"https:\/\/ifoffice.pt\/index.php?rest_route=%2Fwp%2Fv2%2Fcomments&post=104903"}],"wp:featuredmedia":[{"embeddable":true,"href":"https:\/\/ifoffice.pt\/index.php?rest_route=\/wp\/v2\/media\/114480"}],"wp:attachment":[{"href":"https:\/\/ifoffice.pt\/index.php?rest_route=%2Fwp%2Fv2%2Fmedia&parent=104903"}],"wp:term":[{"taxonomy":"product_brand","embeddable":true,"href":"https:\/\/ifoffice.pt\/index.php?rest_route=%2Fwp%2Fv2%2Fproduct_brand&post=104903"},{"taxonomy":"product_cat","embeddable":true,"href":"https:\/\/ifoffice.pt\/index.php?rest_route=%2Fwp%2Fv2%2Fproduct_cat&post=104903"},{"taxonomy":"product_tag","embeddable":true,"href":"https:\/\/ifoffice.pt\/index.php?rest_route=%2Fwp%2Fv2%2Fproduct_tag&post=104903"}],"curies":[{"name":"wp","href":"https:\/\/api.w.org\/{rel}","templated":true}]}}