{"id":104768,"date":"2021-04-01T13:58:31","date_gmt":"2021-04-01T13:58:31","guid":{"rendered":"https:\/\/ifoffice.pt\/?post_type=product&#038;p=104768"},"modified":"2025-03-12T12:09:34","modified_gmt":"2025-03-12T12:09:34","slug":"dispensador-de-gel-desinfetante-automatico-5008b-com-sensor-branco","status":"publish","type":"product","link":"https:\/\/ifoffice.pt\/?product=dispensador-de-gel-desinfetante-automatico-5008b-com-sensor-branco","title":{"rendered":"Dispensador de Gel Desinfetante Autom\u00e1tico 5008B com Sensor. Branco"},"content":{"rendered":"<ul>\n<li class=\"txtDesc oddRow\"><b>Mantenha os seus clientes, colaboradores e parceiros protegidos com o dispensador de \u00e1lcool gel com sensor, que evita a utiliza\u00e7\u00e3o das m\u00e3os e poss\u00edveis cont\u00e1gios.<\/b><\/li>\n<li class=\"txtDesc \">O dispensador de \u00e1lcool gel autom\u00e1tico evita a propaga\u00e7\u00e3o de v\u00edrus e bact\u00e9rias dado que \u00e9 acionado com sensor. Desta forma o dispensador pode ser usado por todos os seus clientes, parceiros e funcion\u00e1rios com garantia de seguran\u00e7a. Coloque o dispensador \u00e1 entrada do seu estabelecimento e beneficie de total seguran\u00e7a. O dispensador conta com cartucho recarreg\u00e1vel de corpo s\u00f3lido para reabastecer com facilidade. Apenas funciona no interior das lojas, dado que a exposi\u00e7\u00e3o \u00e0 luz solar afeta dos sensores.Utiliza 3 pilhas LR14 (n\u00e3o inclu\u00eddas)<\/li>\n<\/ul>\n","protected":false},"excerpt":{"rendered":"<p>Dispensador de \u00e1lcool gel autom\u00e1tico Branco 1L<\/p>\n","protected":false},"featured_media":104791,"comment_status":"closed","ping_status":"closed","template":"","meta":{"neve_meta_sidebar":"","neve_meta_container":"","neve_meta_enable_content_width":"off","neve_meta_content_width":0,"neve_meta_title_alignment":"","neve_meta_author_avatar":"","neve_post_elements_order":"","neve_meta_disable_header":"","neve_meta_disable_footer":"","neve_meta_disable_title":""},"product_brand":[],"product_cat":[1806],"product_tag":[1012,979],"class_list":{"0":"post-104768","1":"product","2":"type-product","3":"status-publish","4":"has-post-thumbnail","6":"product_cat-dispensadores","7":"product_tag-covid","8":"product_tag-dispensador-de-sabao","10":"first","11":"outofstock","12":"taxable","13":"shipping-taxable","14":"purchasable","15":"product-type-simple"},"_links":{"self":[{"href":"https:\/\/ifoffice.pt\/index.php?rest_route=\/wp\/v2\/product\/104768","targetHints":{"allow":["GET"]}}],"collection":[{"href":"https:\/\/ifoffice.pt\/index.php?rest_route=\/wp\/v2\/product"}],"about":[{"href":"https:\/\/ifoffice.pt\/index.php?rest_route=\/wp\/v2\/types\/product"}],"replies":[{"embeddable":true,"href":"https:\/\/ifoffice.pt\/index.php?rest_route=%2Fwp%2Fv2%2Fcomments&post=104768"}],"wp:featuredmedia":[{"embeddable":true,"href":"https:\/\/ifoffice.pt\/index.php?rest_route=\/wp\/v2\/media\/104791"}],"wp:attachment":[{"href":"https:\/\/ifoffice.pt\/index.php?rest_route=%2Fwp%2Fv2%2Fmedia&parent=104768"}],"wp:term":[{"taxonomy":"product_brand","embeddable":true,"href":"https:\/\/ifoffice.pt\/index.php?rest_route=%2Fwp%2Fv2%2Fproduct_brand&post=104768"},{"taxonomy":"product_cat","embeddable":true,"href":"https:\/\/ifoffice.pt\/index.php?rest_route=%2Fwp%2Fv2%2Fproduct_cat&post=104768"},{"taxonomy":"product_tag","embeddable":true,"href":"https:\/\/ifoffice.pt\/index.php?rest_route=%2Fwp%2Fv2%2Fproduct_tag&post=104768"}],"curies":[{"name":"wp","href":"https:\/\/api.w.org\/{rel}","templated":true}]}}