{"id":104072,"date":"2021-03-23T10:38:45","date_gmt":"2021-03-23T10:38:45","guid":{"rendered":"https:\/\/ifoffice.pt\/?post_type=product&#038;p=104072"},"modified":"2025-03-12T16:00:13","modified_gmt":"2025-03-12T16:00:13","slug":"marcador-bic-permenante-marking-2000-azul","status":"publish","type":"product","link":"https:\/\/ifoffice.pt\/?product=marcador-bic-permenante-marking-2000-azul","title":{"rendered":"Marcador BIC permanente Marking 2000 azul"},"content":{"rendered":"<p>. Marcador de tinta permanente \u00e0 base de \u00e1lcool, n\u00e3o t\u00f3xica;<br \/>\n. Longa dura\u00e7\u00e3o: at\u00e9 1 km;<br \/>\n. Longa dura\u00e7\u00e3o: n\u00e3o seca se ficar sem tampa durante 1 m\u00eas;<br \/>\n. Ponta resistente;<br \/>\n. Tinta resistente \u00e0 luz, de secagem r\u00e1pida e pouco odor;<br \/>\n. Escreve na maioria das superf\u00edcies: cd\/dvd &#8211; papel &#8211; cart\u00e3o &#8211; pl\u00e1stico &#8211; metal;<br \/>\n. Fabricado com 51% de materiais reciclados;<br \/>\n. A ponta c\u00f3nica em acr\u00edlico de 4.9mm tra\u00e7a linhas com 1.7mm de espessura;<br \/>\n. Fabricado na Europa;<\/p>\n","protected":false},"excerpt":{"rendered":"<p>PACK 12 UNIDADES<\/p>\n","protected":false},"featured_media":104073,"comment_status":"closed","ping_status":"closed","template":"","meta":{"neve_meta_sidebar":"","neve_meta_container":"","neve_meta_enable_content_width":"off","neve_meta_content_width":70,"neve_meta_title_alignment":"","neve_meta_author_avatar":"","neve_post_elements_order":"","neve_meta_disable_header":"","neve_meta_disable_footer":"","neve_meta_disable_title":""},"product_brand":[],"product_cat":[2955,1763],"product_tag":[809],"class_list":{"0":"post-104072","1":"product","2":"type-product","3":"status-publish","4":"has-post-thumbnail","6":"product_cat-destaques","7":"product_cat-marcadores-permanentes","8":"product_tag-permanente","10":"first","11":"instock","12":"sale","13":"taxable","14":"shipping-taxable","15":"purchasable","16":"product-type-simple"},"_links":{"self":[{"href":"https:\/\/ifoffice.pt\/index.php?rest_route=\/wp\/v2\/product\/104072","targetHints":{"allow":["GET"]}}],"collection":[{"href":"https:\/\/ifoffice.pt\/index.php?rest_route=\/wp\/v2\/product"}],"about":[{"href":"https:\/\/ifoffice.pt\/index.php?rest_route=\/wp\/v2\/types\/product"}],"replies":[{"embeddable":true,"href":"https:\/\/ifoffice.pt\/index.php?rest_route=%2Fwp%2Fv2%2Fcomments&post=104072"}],"wp:featuredmedia":[{"embeddable":true,"href":"https:\/\/ifoffice.pt\/index.php?rest_route=\/wp\/v2\/media\/104073"}],"wp:attachment":[{"href":"https:\/\/ifoffice.pt\/index.php?rest_route=%2Fwp%2Fv2%2Fmedia&parent=104072"}],"wp:term":[{"taxonomy":"product_brand","embeddable":true,"href":"https:\/\/ifoffice.pt\/index.php?rest_route=%2Fwp%2Fv2%2Fproduct_brand&post=104072"},{"taxonomy":"product_cat","embeddable":true,"href":"https:\/\/ifoffice.pt\/index.php?rest_route=%2Fwp%2Fv2%2Fproduct_cat&post=104072"},{"taxonomy":"product_tag","embeddable":true,"href":"https:\/\/ifoffice.pt\/index.php?rest_route=%2Fwp%2Fv2%2Fproduct_tag&post=104072"}],"curies":[{"name":"wp","href":"https:\/\/api.w.org\/{rel}","templated":true}]}}