{"id":104035,"date":"2021-03-22T12:36:15","date_gmt":"2021-03-22T12:36:15","guid":{"rendered":"https:\/\/ifoffice.pt\/?post_type=product&#038;p=104035"},"modified":"2026-02-23T13:06:31","modified_gmt":"2026-02-23T13:06:31","slug":"pasta-de-arquivo-de-alavanca-em-cartao-extra-rigido-elba","status":"publish","type":"product","link":"https:\/\/ifoffice.pt\/?product=pasta-de-arquivo-de-alavanca-em-cartao-extra-rigido-elba","title":{"rendered":"Pasta de arquivo de alavanca elba cartao forrado marmoreado com rado din a4 lombada de 80 mm preto"},"content":{"rendered":"<p>Pasta de arquivo de alavanca cl\u00e1ssica de 2 an\u00e9is. Com lombada e rado. Marmoreada. Fabricada em cart\u00e3o extra r\u00edgido com \u00f3culo, calhas met\u00e1licas, etiqueta adesiva e \u00edndice. Lombada de 80 mm. Cor preta.<\/p>\n","protected":false},"excerpt":{"rendered":"<p>Pasta de arquivo de alavanca elba cartao forrado marmoreado com rado din a4 lombada de 80 mm preto<\/p>\n","protected":false},"featured_media":116870,"comment_status":"closed","ping_status":"closed","template":"","meta":{"neve_meta_sidebar":"","neve_meta_container":"","neve_meta_enable_content_width":"off","neve_meta_content_width":0,"neve_meta_title_alignment":"","neve_meta_author_avatar":"","neve_post_elements_order":"","neve_meta_disable_header":"","neve_meta_disable_footer":"","neve_meta_disable_title":""},"product_brand":[],"product_cat":[1822],"product_tag":[964],"class_list":{"0":"post-104035","1":"product","2":"type-product","3":"status-publish","4":"has-post-thumbnail","6":"product_cat-pastas-de-arquivo","7":"product_tag-preto","9":"first","10":"instock","11":"taxable","12":"shipping-taxable","13":"purchasable","14":"product-type-simple"},"_links":{"self":[{"href":"https:\/\/ifoffice.pt\/index.php?rest_route=\/wp\/v2\/product\/104035","targetHints":{"allow":["GET"]}}],"collection":[{"href":"https:\/\/ifoffice.pt\/index.php?rest_route=\/wp\/v2\/product"}],"about":[{"href":"https:\/\/ifoffice.pt\/index.php?rest_route=\/wp\/v2\/types\/product"}],"replies":[{"embeddable":true,"href":"https:\/\/ifoffice.pt\/index.php?rest_route=%2Fwp%2Fv2%2Fcomments&post=104035"}],"wp:featuredmedia":[{"embeddable":true,"href":"https:\/\/ifoffice.pt\/index.php?rest_route=\/wp\/v2\/media\/116870"}],"wp:attachment":[{"href":"https:\/\/ifoffice.pt\/index.php?rest_route=%2Fwp%2Fv2%2Fmedia&parent=104035"}],"wp:term":[{"taxonomy":"product_brand","embeddable":true,"href":"https:\/\/ifoffice.pt\/index.php?rest_route=%2Fwp%2Fv2%2Fproduct_brand&post=104035"},{"taxonomy":"product_cat","embeddable":true,"href":"https:\/\/ifoffice.pt\/index.php?rest_route=%2Fwp%2Fv2%2Fproduct_cat&post=104035"},{"taxonomy":"product_tag","embeddable":true,"href":"https:\/\/ifoffice.pt\/index.php?rest_route=%2Fwp%2Fv2%2Fproduct_tag&post=104035"}],"curies":[{"name":"wp","href":"https:\/\/api.w.org\/{rel}","templated":true}]}}