{"id":103742,"date":"2021-03-09T12:01:55","date_gmt":"2021-03-09T12:01:55","guid":{"rendered":"https:\/\/ifoffice.pt\/?post_type=product&#038;p=103742"},"modified":"2025-03-12T12:09:17","modified_gmt":"2025-03-12T12:09:17","slug":"detergente-desinfetante-xerona-10l","status":"publish","type":"product","link":"https:\/\/ifoffice.pt\/?product=detergente-desinfetante-xerona-10l","title":{"rendered":"Detergente desinfetante Xerona 10L"},"content":{"rendered":"<p>Limpa e desinfeta ao mesmo tempo. Com pH neutro, elimina a sujidade, protege e d\u00e1 brilho sem danificar a superf\u00edcie. Al\u00e9m disso, deixa um agrad\u00e1vel aroma a limpo no ambiente. Produto reconhecido e apreciado no mercado.<\/p>\n<p>Embalagem de 10 litros.<\/p>\n","protected":false},"excerpt":{"rendered":"<p>PRODUTO DE LIMPEZA DESINFETANTE DE SUPERF\u00cdCIES XERONA 10L<\/p>\n","protected":false},"featured_media":103743,"comment_status":"closed","ping_status":"closed","template":"","meta":{"neve_meta_sidebar":"","neve_meta_container":"","neve_meta_enable_content_width":"off","neve_meta_content_width":0,"neve_meta_title_alignment":"","neve_meta_author_avatar":"","neve_post_elements_order":"","neve_meta_disable_header":"","neve_meta_disable_footer":"","neve_meta_disable_title":""},"product_brand":[],"product_cat":[1791,1792],"product_tag":[1012,889],"class_list":{"0":"post-103742","1":"product","2":"type-product","3":"status-publish","4":"has-post-thumbnail","6":"product_cat-prevencao","7":"product_cat-produtos-de-limpeza","8":"product_tag-covid","9":"product_tag-desinfectantes","11":"first","12":"outofstock","13":"taxable","14":"shipping-taxable","15":"purchasable","16":"product-type-simple"},"_links":{"self":[{"href":"https:\/\/ifoffice.pt\/index.php?rest_route=\/wp\/v2\/product\/103742","targetHints":{"allow":["GET"]}}],"collection":[{"href":"https:\/\/ifoffice.pt\/index.php?rest_route=\/wp\/v2\/product"}],"about":[{"href":"https:\/\/ifoffice.pt\/index.php?rest_route=\/wp\/v2\/types\/product"}],"replies":[{"embeddable":true,"href":"https:\/\/ifoffice.pt\/index.php?rest_route=%2Fwp%2Fv2%2Fcomments&post=103742"}],"wp:featuredmedia":[{"embeddable":true,"href":"https:\/\/ifoffice.pt\/index.php?rest_route=\/wp\/v2\/media\/103743"}],"wp:attachment":[{"href":"https:\/\/ifoffice.pt\/index.php?rest_route=%2Fwp%2Fv2%2Fmedia&parent=103742"}],"wp:term":[{"taxonomy":"product_brand","embeddable":true,"href":"https:\/\/ifoffice.pt\/index.php?rest_route=%2Fwp%2Fv2%2Fproduct_brand&post=103742"},{"taxonomy":"product_cat","embeddable":true,"href":"https:\/\/ifoffice.pt\/index.php?rest_route=%2Fwp%2Fv2%2Fproduct_cat&post=103742"},{"taxonomy":"product_tag","embeddable":true,"href":"https:\/\/ifoffice.pt\/index.php?rest_route=%2Fwp%2Fv2%2Fproduct_tag&post=103742"}],"curies":[{"name":"wp","href":"https:\/\/api.w.org\/{rel}","templated":true}]}}